

{"id":45740,"date":"2022-09-09T16:02:20","date_gmt":"2022-09-09T19:02:20","guid":{"rendered":"https:\/\/www.cne.cl\/?page_id=45740"},"modified":"2023-02-07T09:30:01","modified_gmt":"2023-02-07T12:30:01","slug":"cne-inicia-modificacion-de-la-norma-tecnica-de-calidad-de-servicio-para-sistemas-de-distribucion","status":"publish","type":"page","link":"https:\/\/www.cne.cl\/en\/prensa\/prensa-2022\/09-septiembre-2022\/cne-inicia-modificacion-de-la-norma-tecnica-de-calidad-de-servicio-para-sistemas-de-distribucion\/","title":{"rendered":"(Espa\u00f1ol) CNE inicia modificaci\u00f3n de la Norma T\u00e9cnica de Calidad de Servicio para Sistemas de Distribuci\u00f3n"},"content":{"rendered":"<p class=\"qtranxs-available-languages-message qtranxs-available-languages-message-en\">Sorry, this entry is only available in <a href=\"https:\/\/www.cne.cl\/es\/wp-json\/wp\/v2\/pages\/45740\" class=\"qtranxs-available-language-link qtranxs-available-language-link-es\" title=\"Espa\u00f1ol\">European Spanish<\/a>.<\/p>","protected":false},"excerpt":{"rendered":"<p>Sorry, this entry is only available in European Spanish.<\/p>\n","protected":false},"author":3,"featured_media":0,"parent":45592,"menu_order":6,"comment_status":"closed","ping_status":"closed","template":"entrada-prensa.php","meta":[],"_links":{"self":[{"href":"https:\/\/www.cne.cl\/en\/wp-json\/wp\/v2\/pages\/45740"}],"collection":[{"href":"https:\/\/www.cne.cl\/en\/wp-json\/wp\/v2\/pages"}],"about":[{"href":"https:\/\/www.cne.cl\/en\/wp-json\/wp\/v2\/types\/page"}],"author":[{"embeddable":true,"href":"https:\/\/www.cne.cl\/en\/wp-json\/wp\/v2\/users\/3"}],"replies":[{"embeddable":true,"href":"https:\/\/www.cne.cl\/en\/wp-json\/wp\/v2\/comments?post=45740"}],"version-history":[{"count":3,"href":"https:\/\/www.cne.cl\/en\/wp-json\/wp\/v2\/pages\/45740\/revisions"}],"predecessor-version":[{"id":47156,"href":"https:\/\/www.cne.cl\/en\/wp-json\/wp\/v2\/pages\/45740\/revisions\/47156"}],"up":[{"embeddable":true,"href":"https:\/\/www.cne.cl\/en\/wp-json\/wp\/v2\/pages\/45592"}],"wp:attachment":[{"href":"https:\/\/www.cne.cl\/en\/wp-json\/wp\/v2\/media?parent=45740"}],"curies":[{"name":"wp","href":"https:\/\/api.w.org\/{rel}","templated":true}]}}