

{"id":45680,"date":"2022-09-06T09:13:36","date_gmt":"2022-09-06T12:13:36","guid":{"rendered":"https:\/\/www.cne.cl\/?page_id=45680"},"modified":"2022-10-12T11:04:45","modified_gmt":"2022-10-12T14:04:45","slug":"cne-destaca-avances-en-capitulo-de-programacion-y-operacion-de-la-norma-tecnica-de-coordinacion-y-operacion","status":"publish","type":"page","link":"https:\/\/www.cne.cl\/en\/prensa\/prensa-2022\/09-septiembre-2022\/cne-destaca-avances-en-capitulo-de-programacion-y-operacion-de-la-norma-tecnica-de-coordinacion-y-operacion\/","title":{"rendered":"(Espa\u00f1ol) CNE destaca avances en Cap\u00edtulo de Programaci\u00f3n y Operaci\u00f3n de la Norma T\u00e9cnica de Coordinaci\u00f3n y Operaci\u00f3n"},"content":{"rendered":"<p class=\"qtranxs-available-languages-message qtranxs-available-languages-message-en\">Sorry, this entry is only available in <a href=\"https:\/\/www.cne.cl\/es\/wp-json\/wp\/v2\/pages\/45680\" class=\"qtranxs-available-language-link qtranxs-available-language-link-es\" title=\"Espa\u00f1ol\">European Spanish<\/a>.<\/p>","protected":false},"excerpt":{"rendered":"<p>Sorry, this entry is only available in European Spanish.<\/p>\n","protected":false},"author":3,"featured_media":45691,"parent":45592,"menu_order":5,"comment_status":"closed","ping_status":"closed","template":"entrada-prensa.php","meta":[],"_links":{"self":[{"href":"https:\/\/www.cne.cl\/en\/wp-json\/wp\/v2\/pages\/45680"}],"collection":[{"href":"https:\/\/www.cne.cl\/en\/wp-json\/wp\/v2\/pages"}],"about":[{"href":"https:\/\/www.cne.cl\/en\/wp-json\/wp\/v2\/types\/page"}],"author":[{"embeddable":true,"href":"https:\/\/www.cne.cl\/en\/wp-json\/wp\/v2\/users\/3"}],"replies":[{"embeddable":true,"href":"https:\/\/www.cne.cl\/en\/wp-json\/wp\/v2\/comments?post=45680"}],"version-history":[{"count":8,"href":"https:\/\/www.cne.cl\/en\/wp-json\/wp\/v2\/pages\/45680\/revisions"}],"predecessor-version":[{"id":45983,"href":"https:\/\/www.cne.cl\/en\/wp-json\/wp\/v2\/pages\/45680\/revisions\/45983"}],"up":[{"embeddable":true,"href":"https:\/\/www.cne.cl\/en\/wp-json\/wp\/v2\/pages\/45592"}],"wp:featuredmedia":[{"embeddable":true,"href":"https:\/\/www.cne.cl\/en\/wp-json\/wp\/v2\/media\/45691"}],"wp:attachment":[{"href":"https:\/\/www.cne.cl\/en\/wp-json\/wp\/v2\/media?parent=45680"}],"curies":[{"name":"wp","href":"https:\/\/api.w.org\/{rel}","templated":true}]}}