

{"id":45507,"date":"2022-08-24T11:39:52","date_gmt":"2022-08-24T15:39:52","guid":{"rendered":"https:\/\/www.cne.cl\/prensa\/prensa-2022\/08-agosto-2022\/cne-participa-en-delegacion-chilena-en-cooperacion-triangular-entre-republica-dominicana-chile-y-alemania\/"},"modified":"2022-10-17T15:45:24","modified_gmt":"2022-10-17T18:45:24","slug":"cne-participa-en-delegacion-chilena-en-cooperacion-triangular-entre-republica-dominicana-chile-y-alemania","status":"publish","type":"page","link":"https:\/\/www.cne.cl\/en\/prensa\/prensa-2022\/08-agosto-2022\/cne-participa-en-delegacion-chilena-en-cooperacion-triangular-entre-republica-dominicana-chile-y-alemania\/","title":{"rendered":"CNE participa en delegaci\u00f3n chilena en Cooperaci\u00f3n Triangular entre Rep\u00fablica Dominicana, Chile y Alemania"},"content":{"rendered":"<p class=\"qtranxs-available-languages-message qtranxs-available-languages-message-en\">Sorry, this entry is only available in <a href=\"https:\/\/www.cne.cl\/es\/wp-json\/wp\/v2\/pages\/45507\" class=\"qtranxs-available-language-link qtranxs-available-language-link-es\" title=\"Espa\u00f1ol\">European Spanish<\/a>.<\/p>","protected":false},"excerpt":{"rendered":"<p>Sorry, this entry is only available in European Spanish.<\/p>\n","protected":false},"author":3,"featured_media":0,"parent":45283,"menu_order":5,"comment_status":"closed","ping_status":"closed","template":"entrada-prensa.php","meta":[],"_links":{"self":[{"href":"https:\/\/www.cne.cl\/en\/wp-json\/wp\/v2\/pages\/45507"}],"collection":[{"href":"https:\/\/www.cne.cl\/en\/wp-json\/wp\/v2\/pages"}],"about":[{"href":"https:\/\/www.cne.cl\/en\/wp-json\/wp\/v2\/types\/page"}],"author":[{"embeddable":true,"href":"https:\/\/www.cne.cl\/en\/wp-json\/wp\/v2\/users\/3"}],"replies":[{"embeddable":true,"href":"https:\/\/www.cne.cl\/en\/wp-json\/wp\/v2\/comments?post=45507"}],"version-history":[{"count":3,"href":"https:\/\/www.cne.cl\/en\/wp-json\/wp\/v2\/pages\/45507\/revisions"}],"predecessor-version":[{"id":46039,"href":"https:\/\/www.cne.cl\/en\/wp-json\/wp\/v2\/pages\/45507\/revisions\/46039"}],"up":[{"embeddable":true,"href":"https:\/\/www.cne.cl\/en\/wp-json\/wp\/v2\/pages\/45283"}],"wp:attachment":[{"href":"https:\/\/www.cne.cl\/en\/wp-json\/wp\/v2\/media?parent=45507"}],"curies":[{"name":"wp","href":"https:\/\/api.w.org\/{rel}","templated":true}]}}