

{"id":45373,"date":"2022-08-09T10:16:31","date_gmt":"2022-08-09T14:16:31","guid":{"rendered":"https:\/\/www.cne.cl\/?page_id=45373"},"modified":"2022-11-11T11:23:53","modified_gmt":"2022-11-11T14:23:53","slug":"cne-destaca-los-beneficios-de-incorporar-tecnologia-de-almacenamiento-con-baterias-bess-en-el-sistema-de-transmision","status":"publish","type":"page","link":"https:\/\/www.cne.cl\/en\/prensa\/prensa-2022\/cne-destaca-los-beneficios-de-incorporar-tecnologia-de-almacenamiento-con-baterias-bess-en-el-sistema-de-transmision\/","title":{"rendered":"(Espa\u00f1ol) CNE destaca los beneficios de incorporar tecnolog\u00eda de almacenamiento con bater\u00edas BESS en el sistema de transmisi\u00f3n"},"content":{"rendered":"<p class=\"qtranxs-available-languages-message qtranxs-available-languages-message-en\">Sorry, this entry is only available in <a href=\"https:\/\/www.cne.cl\/es\/wp-json\/wp\/v2\/pages\/45373\" class=\"qtranxs-available-language-link qtranxs-available-language-link-es\" title=\"Espa\u00f1ol\">European Spanish<\/a>.<\/p>","protected":false},"excerpt":{"rendered":"<p>Sorry, this entry is only available in European Spanish.<\/p>\n","protected":false},"author":3,"featured_media":0,"parent":42484,"menu_order":0,"comment_status":"closed","ping_status":"closed","template":"entrada-prensa.php","meta":[],"_links":{"self":[{"href":"https:\/\/www.cne.cl\/en\/wp-json\/wp\/v2\/pages\/45373"}],"collection":[{"href":"https:\/\/www.cne.cl\/en\/wp-json\/wp\/v2\/pages"}],"about":[{"href":"https:\/\/www.cne.cl\/en\/wp-json\/wp\/v2\/types\/page"}],"author":[{"embeddable":true,"href":"https:\/\/www.cne.cl\/en\/wp-json\/wp\/v2\/users\/3"}],"replies":[{"embeddable":true,"href":"https:\/\/www.cne.cl\/en\/wp-json\/wp\/v2\/comments?post=45373"}],"version-history":[{"count":3,"href":"https:\/\/www.cne.cl\/en\/wp-json\/wp\/v2\/pages\/45373\/revisions"}],"predecessor-version":[{"id":46308,"href":"https:\/\/www.cne.cl\/en\/wp-json\/wp\/v2\/pages\/45373\/revisions\/46308"}],"up":[{"embeddable":true,"href":"https:\/\/www.cne.cl\/en\/wp-json\/wp\/v2\/pages\/42484"}],"wp:attachment":[{"href":"https:\/\/www.cne.cl\/en\/wp-json\/wp\/v2\/media?parent=45373"}],"curies":[{"name":"wp","href":"https:\/\/api.w.org\/{rel}","templated":true}]}}