

{"id":45337,"date":"2022-08-03T15:56:55","date_gmt":"2022-08-03T19:56:55","guid":{"rendered":"https:\/\/www.cne.cl\/?page_id=45337"},"modified":"2022-10-12T11:03:34","modified_gmt":"2022-10-12T14:03:34","slug":"panel-de-expertos-fallo-a-favor-de-la-cne-en-la-incorporacion-al-plan-de-expansion-de-la-transmision-2021-del-proyecto-de-almacenamiento-con-baterias-bess","status":"publish","type":"page","link":"https:\/\/www.cne.cl\/en\/prensa\/prensa-2022\/08-agosto-2022\/panel-de-expertos-fallo-a-favor-de-la-cne-en-la-incorporacion-al-plan-de-expansion-de-la-transmision-2021-del-proyecto-de-almacenamiento-con-baterias-bess\/","title":{"rendered":"(Espa\u00f1ol) Panel de Expertos fall\u00f3 a favor de la CNE en la incorporaci\u00f3n al Plan de Expansi\u00f3n de la Transmisi\u00f3n 2021 del Proyecto de Almacenamiento con Bater\u00edas (BESS)"},"content":{"rendered":"<p class=\"qtranxs-available-languages-message qtranxs-available-languages-message-en\">Sorry, this entry is only available in <a href=\"https:\/\/www.cne.cl\/es\/wp-json\/wp\/v2\/pages\/45337\" class=\"qtranxs-available-language-link qtranxs-available-language-link-es\" title=\"Espa\u00f1ol\">European Spanish<\/a>.<\/p>","protected":false},"excerpt":{"rendered":"<p>Sorry, this entry is only available in European Spanish.<\/p>\n","protected":false},"author":3,"featured_media":0,"parent":45283,"menu_order":0,"comment_status":"closed","ping_status":"closed","template":"entrada-prensa.php","meta":[],"_links":{"self":[{"href":"https:\/\/www.cne.cl\/en\/wp-json\/wp\/v2\/pages\/45337"}],"collection":[{"href":"https:\/\/www.cne.cl\/en\/wp-json\/wp\/v2\/pages"}],"about":[{"href":"https:\/\/www.cne.cl\/en\/wp-json\/wp\/v2\/types\/page"}],"author":[{"embeddable":true,"href":"https:\/\/www.cne.cl\/en\/wp-json\/wp\/v2\/users\/3"}],"replies":[{"embeddable":true,"href":"https:\/\/www.cne.cl\/en\/wp-json\/wp\/v2\/comments?post=45337"}],"version-history":[{"count":5,"href":"https:\/\/www.cne.cl\/en\/wp-json\/wp\/v2\/pages\/45337\/revisions"}],"predecessor-version":[{"id":45981,"href":"https:\/\/www.cne.cl\/en\/wp-json\/wp\/v2\/pages\/45337\/revisions\/45981"}],"up":[{"embeddable":true,"href":"https:\/\/www.cne.cl\/en\/wp-json\/wp\/v2\/pages\/45283"}],"wp:attachment":[{"href":"https:\/\/www.cne.cl\/en\/wp-json\/wp\/v2\/media?parent=45337"}],"curies":[{"name":"wp","href":"https:\/\/api.w.org\/{rel}","templated":true}]}}