

{"id":45296,"date":"2022-08-02T16:50:07","date_gmt":"2022-08-02T20:50:07","guid":{"rendered":"https:\/\/www.cne.cl\/?page_id=45296"},"modified":"2022-09-14T11:59:47","modified_gmt":"2022-09-14T14:59:47","slug":"licitacion-de-suministro-electrico-a-clientes-regulados-alcanzo-precio-promedio-de-us374-mwh","status":"publish","type":"page","link":"https:\/\/www.cne.cl\/en\/prensa\/prensa-2022\/08-agosto-2022\/licitacion-de-suministro-electrico-a-clientes-regulados-alcanzo-precio-promedio-de-us374-mwh\/","title":{"rendered":"(Espa\u00f1ol) Licitaci\u00f3n de suministro el\u00e9ctrico a clientes regulados alcanz\u00f3 precio promedio de US$37,4\/MWh"},"content":{"rendered":"<p class=\"qtranxs-available-languages-message qtranxs-available-languages-message-en\">Sorry, this entry is only available in <a href=\"https:\/\/www.cne.cl\/es\/wp-json\/wp\/v2\/pages\/45296\" class=\"qtranxs-available-language-link qtranxs-available-language-link-es\" title=\"Espa\u00f1ol\">European Spanish<\/a>.<\/p>","protected":false},"excerpt":{"rendered":"<p>Sorry, this entry is only available in European Spanish.<\/p>\n","protected":false},"author":3,"featured_media":45316,"parent":45283,"menu_order":2,"comment_status":"closed","ping_status":"closed","template":"entrada-prensa.php","meta":[],"_links":{"self":[{"href":"https:\/\/www.cne.cl\/en\/wp-json\/wp\/v2\/pages\/45296"}],"collection":[{"href":"https:\/\/www.cne.cl\/en\/wp-json\/wp\/v2\/pages"}],"about":[{"href":"https:\/\/www.cne.cl\/en\/wp-json\/wp\/v2\/types\/page"}],"author":[{"embeddable":true,"href":"https:\/\/www.cne.cl\/en\/wp-json\/wp\/v2\/users\/3"}],"replies":[{"embeddable":true,"href":"https:\/\/www.cne.cl\/en\/wp-json\/wp\/v2\/comments?post=45296"}],"version-history":[{"count":6,"href":"https:\/\/www.cne.cl\/en\/wp-json\/wp\/v2\/pages\/45296\/revisions"}],"predecessor-version":[{"id":45793,"href":"https:\/\/www.cne.cl\/en\/wp-json\/wp\/v2\/pages\/45296\/revisions\/45793"}],"up":[{"embeddable":true,"href":"https:\/\/www.cne.cl\/en\/wp-json\/wp\/v2\/pages\/45283"}],"wp:featuredmedia":[{"embeddable":true,"href":"https:\/\/www.cne.cl\/en\/wp-json\/wp\/v2\/media\/45316"}],"wp:attachment":[{"href":"https:\/\/www.cne.cl\/en\/wp-json\/wp\/v2\/media?parent=45296"}],"curies":[{"name":"wp","href":"https:\/\/api.w.org\/{rel}","templated":true}]}}