

{"id":43916,"date":"2022-04-29T14:45:54","date_gmt":"2022-04-29T18:45:54","guid":{"rendered":"https:\/\/www.cne.cl\/?page_id=43916"},"modified":"2022-05-24T08:37:17","modified_gmt":"2022-05-24T12:37:17","slug":"ministro-de-energia-entrego-saludo-al-cosoc-paritario-de-cne","status":"publish","type":"page","link":"https:\/\/www.cne.cl\/en\/prensa\/prensa-2022\/04-abril-2022\/ministro-de-energia-entrego-saludo-al-cosoc-paritario-de-cne\/","title":{"rendered":"Ministro de Energ\u00eda entreg\u00f3 saludo al COSOC Paritario de CNE"},"content":{"rendered":"<p>El Ministro de Energ\u00eda, Claudio Huepe, asisti\u00f3 este viernes 29 de abril a la primera sesi\u00f3n del a\u00f1o del Consejo de la Sociedad Civil (COSOC) paritario de la Comisi\u00f3n Nacional de Energ\u00eda, oportunidad donde resalt\u00f3 esta instancia participativa constituida en el marco de la Ley N\u00b020.500, sobre Asociaciones y Participaci\u00f3n Ciudadana en la Gesti\u00f3n P\u00fablica.<br \/>\nAntes de su designaci\u00f3n como secretario de Estado, Huepe form\u00f3 parte del COSOC CNE.<br \/>\n\u201cLos COSOC son muy importantes como una oportunidad de di\u00e1logo, de escuchar las posiciones de la sociedad civil. Esperamos que los COSOC se vayan ampliando m\u00e1s; c\u00f3mo llegamos m\u00e1s a la ciudadan\u00eda, generamos espacios de discusi\u00f3n mayor para llegar m\u00e1s a la ciudadan\u00eda, que las personas sepan que esto se hace, que hay conversaciones y que son relevantes para mejorar las pol\u00edticas y las regulaciones que se realizan, que sigan siendo un aporte para el trabajo que realiza la CNE\u201d, dijo el Ministro.<br \/>\nEl COSOC paritario de CNE se realiz\u00f3 de manera on line y la encabez\u00f3 el Secretario Ejecutivo (S) de la CNE, Marco Mancilla, quien expuso las principales acciones desarrolladas por el organismo regulador en los \u00faltimos meses, como los avances en materia de g\u00e9nero y en la elaboraci\u00f3n de normas t\u00e9cnicas del sector, las acciones impulsadas por el gobierno a trav\u00e9s del plan de recuperaci\u00f3n inclusiva del Gobierno \u201cChile Apoya\u201d y la conformaci\u00f3n del grupo de trabajo para el fortalecimiento de la seguridad el\u00e9ctrica el Secretario.<br \/>\nEn la oportunidad, intervino tambi\u00e9n la presidenta del COSOC paritario de CNE y representante de CIGR\u00c9 Chile, Katherine Hoelck, quien salud\u00f3 a las nuevas autoridades del Ministerio de Energ\u00eda y de la CNE y destac\u00f3 la importancia de generar m\u00e1s an\u00e1lisis y debate de los temas energ\u00e9ticos en este Consejo.<br \/>\nEl Consejo de la Sociedad Civil (COSOC) paritario de la Comisi\u00f3n Nacional de Energ\u00eda per\u00edodo 2021 \u2013 2022, est\u00e1 conformado por la Corporaci\u00f3n Nacional de Consumidores y Usuarios de Chile (CONADECUS), el Colegio de Ingenieros de Chile A.G., la Facultad de Ingenier\u00eda y Ciencias de la Universidad Diego Portales, el Consejo Internacional de Grandes Redes El\u00e9ctricas (CIGRE), la Asociaci\u00f3n Gremial de Peque\u00f1os y Medianos Generadores (GPM A.G.), la Asociaci\u00f3n de Consumidores de Energ\u00eda No Regulados A.G. (ACENOR A.G.), la Asociaci\u00f3n Chilena de Energ\u00eda Solar A. G. (ACESOL), la Federaci\u00f3n Nacional de Cooperativas El\u00e9ctricas (FENACOPEL), la Asociaci\u00f3n Chilena de Energ\u00edas Renovables A.G. (ACERA A.G.), la Asociaci\u00f3n de Comercializadores de Energ\u00eda A. G. (ACEN), la Asociaci\u00f3n Gas Natural A.G. (AGN), la Asociaci\u00f3n Gremial de Generadoras de Chile A.G., la Asociaci\u00f3n de Empresas El\u00e9ctricas A.G., la Asociaci\u00f3n de Transmisores de Chile A. G. y la Fundaci\u00f3n Libertad y Desarrollo.<br \/>\nLos COSOC constituyen uno de los mecanismos de participaci\u00f3n ciudadana en el sector p\u00fablico y su principal objetivo es el acompa\u00f1amiento a la Comisi\u00f3n Nacional de Energ\u00eda en los procesos de dise\u00f1o, ejecuci\u00f3n y evaluaci\u00f3n de sus planes, pol\u00edticas y programas. <\/p>\n<p><\/p>","protected":false},"excerpt":{"rendered":"<p>El Ministro de Energ\u00eda, Claudio Huepe, asisti\u00f3 este viernes 29 de abril a la primera sesi\u00f3n del a\u00f1o del Consejo de la Sociedad Civil (COSOC) paritario de la Comisi\u00f3n Nacional de Energ\u00eda, oportunidad donde resalt\u00f3 esta instancia participativa constituida en el marco de la Ley N\u00b020.500, sobre Asociaciones y Participaci\u00f3n Ciudadana en la Gesti\u00f3n P\u00fablica. [&hellip;]<\/p>\n","protected":false},"author":3,"featured_media":43917,"parent":43642,"menu_order":1,"comment_status":"closed","ping_status":"closed","template":"entrada-prensa.php","meta":[],"_links":{"self":[{"href":"https:\/\/www.cne.cl\/en\/wp-json\/wp\/v2\/pages\/43916"}],"collection":[{"href":"https:\/\/www.cne.cl\/en\/wp-json\/wp\/v2\/pages"}],"about":[{"href":"https:\/\/www.cne.cl\/en\/wp-json\/wp\/v2\/types\/page"}],"author":[{"embeddable":true,"href":"https:\/\/www.cne.cl\/en\/wp-json\/wp\/v2\/users\/3"}],"replies":[{"embeddable":true,"href":"https:\/\/www.cne.cl\/en\/wp-json\/wp\/v2\/comments?post=43916"}],"version-history":[{"count":6,"href":"https:\/\/www.cne.cl\/en\/wp-json\/wp\/v2\/pages\/43916\/revisions"}],"predecessor-version":[{"id":44530,"href":"https:\/\/www.cne.cl\/en\/wp-json\/wp\/v2\/pages\/43916\/revisions\/44530"}],"up":[{"embeddable":true,"href":"https:\/\/www.cne.cl\/en\/wp-json\/wp\/v2\/pages\/43642"}],"wp:featuredmedia":[{"embeddable":true,"href":"https:\/\/www.cne.cl\/en\/wp-json\/wp\/v2\/media\/43917"}],"wp:attachment":[{"href":"https:\/\/www.cne.cl\/en\/wp-json\/wp\/v2\/media?parent=43916"}],"curies":[{"name":"wp","href":"https:\/\/api.w.org\/{rel}","templated":true}]}}