

{"id":43780,"date":"2022-04-20T16:08:54","date_gmt":"2022-04-20T20:08:54","guid":{"rendered":"https:\/\/www.cne.cl\/?page_id=43780"},"modified":"2025-05-15T17:13:40","modified_gmt":"2025-05-15T21:13:40","slug":"costos-de-inversion","status":"publish","type":"page","link":"https:\/\/www.cne.cl\/en\/tarificacion\/electrica\/costos-de-inversion\/","title":{"rendered":"(Espa\u00f1ol) Costos de Tecnolog\u00edas de Generaci\u00f3n"},"content":{"rendered":"<p class=\"qtranxs-available-languages-message qtranxs-available-languages-message-en\">Sorry, this entry is only available in <a href=\"https:\/\/www.cne.cl\/es\/wp-json\/wp\/v2\/pages\/43780\" class=\"qtranxs-available-language-link qtranxs-available-language-link-es\" title=\"Espa\u00f1ol\">European Spanish<\/a>.<\/p>","protected":false},"excerpt":{"rendered":"<p>Sorry, this entry is only available in European Spanish.<\/p>\n","protected":false},"author":46,"featured_media":0,"parent":31,"menu_order":0,"comment_status":"closed","ping_status":"closed","template":"tpl-tarificacion-e-generica-hijo.php","meta":[],"_links":{"self":[{"href":"https:\/\/www.cne.cl\/en\/wp-json\/wp\/v2\/pages\/43780"}],"collection":[{"href":"https:\/\/www.cne.cl\/en\/wp-json\/wp\/v2\/pages"}],"about":[{"href":"https:\/\/www.cne.cl\/en\/wp-json\/wp\/v2\/types\/page"}],"author":[{"embeddable":true,"href":"https:\/\/www.cne.cl\/en\/wp-json\/wp\/v2\/users\/46"}],"replies":[{"embeddable":true,"href":"https:\/\/www.cne.cl\/en\/wp-json\/wp\/v2\/comments?post=43780"}],"version-history":[{"count":15,"href":"https:\/\/www.cne.cl\/en\/wp-json\/wp\/v2\/pages\/43780\/revisions"}],"predecessor-version":[{"id":55391,"href":"https:\/\/www.cne.cl\/en\/wp-json\/wp\/v2\/pages\/43780\/revisions\/55391"}],"up":[{"embeddable":true,"href":"https:\/\/www.cne.cl\/en\/wp-json\/wp\/v2\/pages\/31"}],"wp:attachment":[{"href":"https:\/\/www.cne.cl\/en\/wp-json\/wp\/v2\/media?parent=43780"}],"curies":[{"name":"wp","href":"https:\/\/api.w.org\/{rel}","templated":true}]}}