

{"id":43759,"date":"2022-04-18T11:36:01","date_gmt":"2022-04-18T15:36:01","guid":{"rendered":"https:\/\/www.cne.cl\/?page_id=43759"},"modified":"2022-08-19T16:21:56","modified_gmt":"2022-08-19T20:21:56","slug":"ministerio-de-energia-crea-grupo-de-seguridad-electrica","status":"publish","type":"page","link":"https:\/\/www.cne.cl\/en\/prensa\/prensa-2022\/04-abril-2022\/ministerio-de-energia-crea-grupo-de-seguridad-electrica\/","title":{"rendered":"(Espa\u00f1ol) Ministerio de Energ\u00eda crea grupo de Seguridad El\u00e9ctrica"},"content":{"rendered":"<p class=\"qtranxs-available-languages-message qtranxs-available-languages-message-en\">Sorry, this entry is only available in <a href=\"https:\/\/www.cne.cl\/es\/wp-json\/wp\/v2\/pages\/43759\" class=\"qtranxs-available-language-link qtranxs-available-language-link-es\" title=\"Espa\u00f1ol\">European Spanish<\/a>.<\/p>","protected":false},"excerpt":{"rendered":"<p>Sorry, this entry is only available in European Spanish.<\/p>\n","protected":false},"author":3,"featured_media":43760,"parent":43642,"menu_order":3,"comment_status":"closed","ping_status":"closed","template":"entrada-prensa.php","meta":[],"_links":{"self":[{"href":"https:\/\/www.cne.cl\/en\/wp-json\/wp\/v2\/pages\/43759"}],"collection":[{"href":"https:\/\/www.cne.cl\/en\/wp-json\/wp\/v2\/pages"}],"about":[{"href":"https:\/\/www.cne.cl\/en\/wp-json\/wp\/v2\/types\/page"}],"author":[{"embeddable":true,"href":"https:\/\/www.cne.cl\/en\/wp-json\/wp\/v2\/users\/3"}],"replies":[{"embeddable":true,"href":"https:\/\/www.cne.cl\/en\/wp-json\/wp\/v2\/comments?post=43759"}],"version-history":[{"count":4,"href":"https:\/\/www.cne.cl\/en\/wp-json\/wp\/v2\/pages\/43759\/revisions"}],"predecessor-version":[{"id":45457,"href":"https:\/\/www.cne.cl\/en\/wp-json\/wp\/v2\/pages\/43759\/revisions\/45457"}],"up":[{"embeddable":true,"href":"https:\/\/www.cne.cl\/en\/wp-json\/wp\/v2\/pages\/43642"}],"wp:featuredmedia":[{"embeddable":true,"href":"https:\/\/www.cne.cl\/en\/wp-json\/wp\/v2\/media\/43760"}],"wp:attachment":[{"href":"https:\/\/www.cne.cl\/en\/wp-json\/wp\/v2\/media?parent=43759"}],"curies":[{"name":"wp","href":"https:\/\/api.w.org\/{rel}","templated":true}]}}