

{"id":43723,"date":"2022-04-12T09:30:20","date_gmt":"2022-04-12T13:30:20","guid":{"rendered":"https:\/\/www.cne.cl\/?page_id=43723"},"modified":"2022-04-12T10:34:29","modified_gmt":"2022-04-12T14:34:29","slug":"manifestaciones-de-interes-de-integrar-comites-consultivos-de-procedimientos-normativos","status":"publish","type":"page","link":"https:\/\/www.cne.cl\/en\/nuestros-servicios\/cne-inicia-periodo-de-participacion-en-procedimientos-normativos-del-plan-2018\/manifestaciones-de-interes-de-integrar-comites-consultivos-de-procedimientos-normativos\/","title":{"rendered":"(Espa\u00f1ol) Manifestaciones de inter\u00e9s para integrar Comit\u00e9s Consultivos de Procedimientos Normativos"},"content":{"rendered":"<p class=\"qtranxs-available-languages-message qtranxs-available-languages-message-en\">Sorry, this entry is only available in <a href=\"https:\/\/www.cne.cl\/es\/wp-json\/wp\/v2\/pages\/43723\" class=\"qtranxs-available-language-link qtranxs-available-language-link-es\" title=\"Espa\u00f1ol\">European Spanish<\/a>.<\/p>","protected":false},"excerpt":{"rendered":"<p>Sorry, this entry is only available in European Spanish.<\/p>\n","protected":false},"author":3,"featured_media":0,"parent":17448,"menu_order":0,"comment_status":"closed","ping_status":"closed","template":"","meta":[],"_links":{"self":[{"href":"https:\/\/www.cne.cl\/en\/wp-json\/wp\/v2\/pages\/43723"}],"collection":[{"href":"https:\/\/www.cne.cl\/en\/wp-json\/wp\/v2\/pages"}],"about":[{"href":"https:\/\/www.cne.cl\/en\/wp-json\/wp\/v2\/types\/page"}],"author":[{"embeddable":true,"href":"https:\/\/www.cne.cl\/en\/wp-json\/wp\/v2\/users\/3"}],"replies":[{"embeddable":true,"href":"https:\/\/www.cne.cl\/en\/wp-json\/wp\/v2\/comments?post=43723"}],"version-history":[{"count":3,"href":"https:\/\/www.cne.cl\/en\/wp-json\/wp\/v2\/pages\/43723\/revisions"}],"predecessor-version":[{"id":43737,"href":"https:\/\/www.cne.cl\/en\/wp-json\/wp\/v2\/pages\/43723\/revisions\/43737"}],"up":[{"embeddable":true,"href":"https:\/\/www.cne.cl\/en\/wp-json\/wp\/v2\/pages\/17448"}],"wp:attachment":[{"href":"https:\/\/www.cne.cl\/en\/wp-json\/wp\/v2\/media?parent=43723"}],"curies":[{"name":"wp","href":"https:\/\/api.w.org\/{rel}","templated":true}]}}