

{"id":43683,"date":"2022-04-06T15:09:56","date_gmt":"2022-04-06T19:09:56","guid":{"rendered":"https:\/\/www.cne.cl\/?page_id=43683"},"modified":"2022-06-01T14:58:39","modified_gmt":"2022-06-01T18:58:39","slug":"cne-inicia-procedimiento-normativo-para-elaboracion-del-anexo-tecnico-requisitos-sismicos-para-instalaciones-electricas-de-alta-tension","status":"publish","type":"page","link":"https:\/\/www.cne.cl\/en\/prensa\/prensa-2022\/04-abril-2022\/cne-inicia-procedimiento-normativo-para-elaboracion-del-anexo-tecnico-requisitos-sismicos-para-instalaciones-electricas-de-alta-tension\/","title":{"rendered":"(Espa\u00f1ol) CNE inicia procedimiento normativo para elaboraci\u00f3n del   Anexo T\u00e9cnico Requisitos S\u00edsmicos para Instalaciones El\u00e9ctricas de Alta Tensi\u00f3n"},"content":{"rendered":"<p class=\"qtranxs-available-languages-message qtranxs-available-languages-message-en\">Sorry, this entry is only available in <a href=\"https:\/\/www.cne.cl\/es\/wp-json\/wp\/v2\/pages\/43683\" class=\"qtranxs-available-language-link qtranxs-available-language-link-es\" title=\"Espa\u00f1ol\">European Spanish<\/a>.<\/p>","protected":false},"excerpt":{"rendered":"<p>Sorry, this entry is only available in European Spanish.<\/p>\n","protected":false},"author":3,"featured_media":43686,"parent":43642,"menu_order":2,"comment_status":"closed","ping_status":"closed","template":"entrada-prensa.php","meta":[],"_links":{"self":[{"href":"https:\/\/www.cne.cl\/en\/wp-json\/wp\/v2\/pages\/43683"}],"collection":[{"href":"https:\/\/www.cne.cl\/en\/wp-json\/wp\/v2\/pages"}],"about":[{"href":"https:\/\/www.cne.cl\/en\/wp-json\/wp\/v2\/types\/page"}],"author":[{"embeddable":true,"href":"https:\/\/www.cne.cl\/en\/wp-json\/wp\/v2\/users\/3"}],"replies":[{"embeddable":true,"href":"https:\/\/www.cne.cl\/en\/wp-json\/wp\/v2\/comments?post=43683"}],"version-history":[{"count":4,"href":"https:\/\/www.cne.cl\/en\/wp-json\/wp\/v2\/pages\/43683\/revisions"}],"predecessor-version":[{"id":44658,"href":"https:\/\/www.cne.cl\/en\/wp-json\/wp\/v2\/pages\/43683\/revisions\/44658"}],"up":[{"embeddable":true,"href":"https:\/\/www.cne.cl\/en\/wp-json\/wp\/v2\/pages\/43642"}],"wp:featuredmedia":[{"embeddable":true,"href":"https:\/\/www.cne.cl\/en\/wp-json\/wp\/v2\/media\/43686"}],"wp:attachment":[{"href":"https:\/\/www.cne.cl\/en\/wp-json\/wp\/v2\/media?parent=43683"}],"curies":[{"name":"wp","href":"https:\/\/api.w.org\/{rel}","templated":true}]}}