

{"id":43640,"date":"2022-04-05T11:45:43","date_gmt":"2022-04-05T15:45:43","guid":{"rendered":"https:\/\/www.cne.cl\/?page_id=43640"},"modified":"2022-05-10T10:47:26","modified_gmt":"2022-05-10T14:47:26","slug":"cne-extiende-plazo-para-presentacion-de-propuestas-en-expansion-de-transmision-2022","status":"publish","type":"page","link":"https:\/\/www.cne.cl\/en\/prensa\/prensa-2022\/04-abril-2022\/cne-extiende-plazo-para-presentacion-de-propuestas-en-expansion-de-transmision-2022\/","title":{"rendered":"(Espa\u00f1ol) CNE extiende plazo para presentaci\u00f3n de propuestas en Expansi\u00f3n de Transmisi\u00f3n 2022"},"content":{"rendered":"<p class=\"qtranxs-available-languages-message qtranxs-available-languages-message-en\">Sorry, this entry is only available in <a href=\"https:\/\/www.cne.cl\/es\/wp-json\/wp\/v2\/pages\/43640\" class=\"qtranxs-available-language-link qtranxs-available-language-link-es\" title=\"Espa\u00f1ol\">European Spanish<\/a>.<\/p>","protected":false},"excerpt":{"rendered":"<p>Sorry, this entry is only available in European Spanish.<\/p>\n","protected":false},"author":3,"featured_media":0,"parent":43642,"menu_order":0,"comment_status":"closed","ping_status":"closed","template":"entrada-prensa.php","meta":[],"_links":{"self":[{"href":"https:\/\/www.cne.cl\/en\/wp-json\/wp\/v2\/pages\/43640"}],"collection":[{"href":"https:\/\/www.cne.cl\/en\/wp-json\/wp\/v2\/pages"}],"about":[{"href":"https:\/\/www.cne.cl\/en\/wp-json\/wp\/v2\/types\/page"}],"author":[{"embeddable":true,"href":"https:\/\/www.cne.cl\/en\/wp-json\/wp\/v2\/users\/3"}],"replies":[{"embeddable":true,"href":"https:\/\/www.cne.cl\/en\/wp-json\/wp\/v2\/comments?post=43640"}],"version-history":[{"count":5,"href":"https:\/\/www.cne.cl\/en\/wp-json\/wp\/v2\/pages\/43640\/revisions"}],"predecessor-version":[{"id":44045,"href":"https:\/\/www.cne.cl\/en\/wp-json\/wp\/v2\/pages\/43640\/revisions\/44045"}],"up":[{"embeddable":true,"href":"https:\/\/www.cne.cl\/en\/wp-json\/wp\/v2\/pages\/43642"}],"wp:attachment":[{"href":"https:\/\/www.cne.cl\/en\/wp-json\/wp\/v2\/media?parent=43640"}],"curies":[{"name":"wp","href":"https:\/\/api.w.org\/{rel}","templated":true}]}}