

{"id":43488,"date":"2022-03-28T18:42:52","date_gmt":"2022-03-28T21:42:52","guid":{"rendered":"https:\/\/www.cne.cl\/?page_id=43488"},"modified":"2022-04-19T09:45:03","modified_gmt":"2022-04-19T13:45:03","slug":"presentacion-webinar-licitacion","status":"publish","type":"page","link":"https:\/\/www.cne.cl\/en\/prensa\/prensa-2022\/03-marzo-2022\/presentacion-webinar-licitacion\/","title":{"rendered":"(Espa\u00f1ol) CNE realiz\u00f3 webinar para difundir bases definitivas de la pr\u00f3xima licitaci\u00f3n el\u00e9ctrica"},"content":{"rendered":"<p class=\"qtranxs-available-languages-message qtranxs-available-languages-message-en\">Sorry, this entry is only available in <a href=\"https:\/\/www.cne.cl\/es\/wp-json\/wp\/v2\/pages\/43488\" class=\"qtranxs-available-language-link qtranxs-available-language-link-es\" title=\"Espa\u00f1ol\">European Spanish<\/a>.<\/p>","protected":false},"excerpt":{"rendered":"<p>Sorry, this entry is only available in European Spanish.<\/p>\n","protected":false},"author":3,"featured_media":0,"parent":43269,"menu_order":2,"comment_status":"closed","ping_status":"closed","template":"entrada-prensa.php","meta":[],"_links":{"self":[{"href":"https:\/\/www.cne.cl\/en\/wp-json\/wp\/v2\/pages\/43488"}],"collection":[{"href":"https:\/\/www.cne.cl\/en\/wp-json\/wp\/v2\/pages"}],"about":[{"href":"https:\/\/www.cne.cl\/en\/wp-json\/wp\/v2\/types\/page"}],"author":[{"embeddable":true,"href":"https:\/\/www.cne.cl\/en\/wp-json\/wp\/v2\/users\/3"}],"replies":[{"embeddable":true,"href":"https:\/\/www.cne.cl\/en\/wp-json\/wp\/v2\/comments?post=43488"}],"version-history":[{"count":6,"href":"https:\/\/www.cne.cl\/en\/wp-json\/wp\/v2\/pages\/43488\/revisions"}],"predecessor-version":[{"id":43772,"href":"https:\/\/www.cne.cl\/en\/wp-json\/wp\/v2\/pages\/43488\/revisions\/43772"}],"up":[{"embeddable":true,"href":"https:\/\/www.cne.cl\/en\/wp-json\/wp\/v2\/pages\/43269"}],"wp:attachment":[{"href":"https:\/\/www.cne.cl\/en\/wp-json\/wp\/v2\/media?parent=43488"}],"curies":[{"name":"wp","href":"https:\/\/api.w.org\/{rel}","templated":true}]}}