

{"id":43265,"date":"2022-03-03T11:22:33","date_gmt":"2022-03-03T14:22:33","guid":{"rendered":"https:\/\/www.cne.cl\/?page_id=43265"},"modified":"2022-03-30T17:23:44","modified_gmt":"2022-03-30T20:23:44","slug":"cne-emitio-informe-tecnico-definitivo-de-valorizacion-de-transmision-2020-2023","status":"publish","type":"page","link":"https:\/\/www.cne.cl\/en\/prensa\/prensa-2022\/03-marzo-2022\/cne-emitio-informe-tecnico-definitivo-de-valorizacion-de-transmision-2020-2023\/","title":{"rendered":"(Espa\u00f1ol) CNE emiti\u00f3 Informe T\u00e9cnico Definitivo de Valorizaci\u00f3n de Transmisi\u00f3n 2020-2023"},"content":{"rendered":"<p class=\"qtranxs-available-languages-message qtranxs-available-languages-message-en\">Sorry, this entry is only available in <a href=\"https:\/\/www.cne.cl\/es\/wp-json\/wp\/v2\/pages\/43265\" class=\"qtranxs-available-language-link qtranxs-available-language-link-es\" title=\"Espa\u00f1ol\">European Spanish<\/a>.<\/p>","protected":false},"excerpt":{"rendered":"<p>Sorry, this entry is only available in European Spanish.<\/p>\n","protected":false},"author":2,"featured_media":0,"parent":43269,"menu_order":0,"comment_status":"closed","ping_status":"closed","template":"entrada-prensa.php","meta":[],"_links":{"self":[{"href":"https:\/\/www.cne.cl\/en\/wp-json\/wp\/v2\/pages\/43265"}],"collection":[{"href":"https:\/\/www.cne.cl\/en\/wp-json\/wp\/v2\/pages"}],"about":[{"href":"https:\/\/www.cne.cl\/en\/wp-json\/wp\/v2\/types\/page"}],"author":[{"embeddable":true,"href":"https:\/\/www.cne.cl\/en\/wp-json\/wp\/v2\/users\/2"}],"replies":[{"embeddable":true,"href":"https:\/\/www.cne.cl\/en\/wp-json\/wp\/v2\/comments?post=43265"}],"version-history":[{"count":7,"href":"https:\/\/www.cne.cl\/en\/wp-json\/wp\/v2\/pages\/43265\/revisions"}],"predecessor-version":[{"id":43522,"href":"https:\/\/www.cne.cl\/en\/wp-json\/wp\/v2\/pages\/43265\/revisions\/43522"}],"up":[{"embeddable":true,"href":"https:\/\/www.cne.cl\/en\/wp-json\/wp\/v2\/pages\/43269"}],"wp:attachment":[{"href":"https:\/\/www.cne.cl\/en\/wp-json\/wp\/v2\/media?parent=43265"}],"curies":[{"name":"wp","href":"https:\/\/api.w.org\/{rel}","templated":true}]}}