

{"id":43087,"date":"2022-02-14T17:40:09","date_gmt":"2022-02-14T20:40:09","guid":{"rendered":"https:\/\/www.cne.cl\/prensa\/prensa-2022\/09-febrero-2022\/cne-convoca-a-presentacion-de-proyectos-para-plan-de-expansion-de-transmision-2022\/"},"modified":"2022-04-05T15:33:12","modified_gmt":"2022-04-05T19:33:12","slug":"cne-convoca-a-presentacion-de-proyectos-para-plan-de-expansion-de-transmision-2022","status":"publish","type":"page","link":"https:\/\/www.cne.cl\/en\/prensa\/prensa-2022\/02-febrero-2022\/cne-convoca-a-presentacion-de-proyectos-para-plan-de-expansion-de-transmision-2022\/","title":{"rendered":"CNE convoca a presentaci\u00f3n de proyectos para Plan de Expansi\u00f3n de Transmisi\u00f3n 2022"},"content":{"rendered":"<p class=\"qtranxs-available-languages-message qtranxs-available-languages-message-en\">Sorry, this entry is only available in <a href=\"https:\/\/www.cne.cl\/es\/wp-json\/wp\/v2\/pages\/43087\" class=\"qtranxs-available-language-link qtranxs-available-language-link-es\" title=\"Espa\u00f1ol\">European Spanish<\/a>.<\/p>","protected":false},"excerpt":{"rendered":"<p>Sorry, this entry is only available in European Spanish.<\/p>\n","protected":false},"author":3,"featured_media":0,"parent":43050,"menu_order":1,"comment_status":"closed","ping_status":"closed","template":"entrada-prensa.php","meta":[],"_links":{"self":[{"href":"https:\/\/www.cne.cl\/en\/wp-json\/wp\/v2\/pages\/43087"}],"collection":[{"href":"https:\/\/www.cne.cl\/en\/wp-json\/wp\/v2\/pages"}],"about":[{"href":"https:\/\/www.cne.cl\/en\/wp-json\/wp\/v2\/types\/page"}],"author":[{"embeddable":true,"href":"https:\/\/www.cne.cl\/en\/wp-json\/wp\/v2\/users\/3"}],"replies":[{"embeddable":true,"href":"https:\/\/www.cne.cl\/en\/wp-json\/wp\/v2\/comments?post=43087"}],"version-history":[{"count":4,"href":"https:\/\/www.cne.cl\/en\/wp-json\/wp\/v2\/pages\/43087\/revisions"}],"predecessor-version":[{"id":43665,"href":"https:\/\/www.cne.cl\/en\/wp-json\/wp\/v2\/pages\/43087\/revisions\/43665"}],"up":[{"embeddable":true,"href":"https:\/\/www.cne.cl\/en\/wp-json\/wp\/v2\/pages\/43050"}],"wp:attachment":[{"href":"https:\/\/www.cne.cl\/en\/wp-json\/wp\/v2\/media?parent=43087"}],"curies":[{"name":"wp","href":"https:\/\/api.w.org\/{rel}","templated":true}]}}