

{"id":43052,"date":"2022-02-09T16:05:25","date_gmt":"2022-02-09T19:05:25","guid":{"rendered":"https:\/\/www.cne.cl\/prensa\/prensa-2022\/09-febrero-2022\/cne-emite-bases-definitivas-de-la-proxima-licitacion-de-suministro-electrico-2022-01\/"},"modified":"2022-03-30T17:23:01","modified_gmt":"2022-03-30T20:23:01","slug":"cne-emite-bases-definitivas-de-la-proxima-licitacion-de-suministro-electrico-2022-01","status":"publish","type":"page","link":"https:\/\/www.cne.cl\/en\/prensa\/prensa-2022\/02-febrero-2022\/cne-emite-bases-definitivas-de-la-proxima-licitacion-de-suministro-electrico-2022-01\/","title":{"rendered":"CNE emite Bases Definitivas de la pr\u00f3xima Licitaci\u00f3n de Suministro El\u00e9ctrico (2022\/01)"},"content":{"rendered":"<p class=\"qtranxs-available-languages-message qtranxs-available-languages-message-en\">Sorry, this entry is only available in <a href=\"https:\/\/www.cne.cl\/es\/wp-json\/wp\/v2\/pages\/43052\" class=\"qtranxs-available-language-link qtranxs-available-language-link-es\" title=\"Espa\u00f1ol\">European Spanish<\/a>.<\/p>","protected":false},"excerpt":{"rendered":"<p>Sorry, this entry is only available in European Spanish.<\/p>\n","protected":false},"author":3,"featured_media":0,"parent":43050,"menu_order":0,"comment_status":"closed","ping_status":"closed","template":"entrada-prensa.php","meta":[],"_links":{"self":[{"href":"https:\/\/www.cne.cl\/en\/wp-json\/wp\/v2\/pages\/43052"}],"collection":[{"href":"https:\/\/www.cne.cl\/en\/wp-json\/wp\/v2\/pages"}],"about":[{"href":"https:\/\/www.cne.cl\/en\/wp-json\/wp\/v2\/types\/page"}],"author":[{"embeddable":true,"href":"https:\/\/www.cne.cl\/en\/wp-json\/wp\/v2\/users\/3"}],"replies":[{"embeddable":true,"href":"https:\/\/www.cne.cl\/en\/wp-json\/wp\/v2\/comments?post=43052"}],"version-history":[{"count":4,"href":"https:\/\/www.cne.cl\/en\/wp-json\/wp\/v2\/pages\/43052\/revisions"}],"predecessor-version":[{"id":43521,"href":"https:\/\/www.cne.cl\/en\/wp-json\/wp\/v2\/pages\/43052\/revisions\/43521"}],"up":[{"embeddable":true,"href":"https:\/\/www.cne.cl\/en\/wp-json\/wp\/v2\/pages\/43050"}],"wp:attachment":[{"href":"https:\/\/www.cne.cl\/en\/wp-json\/wp\/v2\/media?parent=43052"}],"curies":[{"name":"wp","href":"https:\/\/api.w.org\/{rel}","templated":true}]}}