

{"id":42627,"date":"2022-01-07T15:49:55","date_gmt":"2022-01-07T18:49:55","guid":{"rendered":"https:\/\/www.cne.cl\/prensa\/prensa-2022\/01-enero-2022\/cne-constituye-comite-consultivo-para-elaboracion-de-norma-tecnica-de-conexion-y-operacion-de-pmgd\/"},"modified":"2022-02-15T16:51:14","modified_gmt":"2022-02-15T19:51:14","slug":"cne-constituye-comite-consultivo-para-elaboracion-de-norma-tecnica-de-conexion-y-operacion-de-pmgd","status":"publish","type":"page","link":"https:\/\/www.cne.cl\/en\/prensa\/prensa-2022\/01-enero-2022\/cne-constituye-comite-consultivo-para-elaboracion-de-norma-tecnica-de-conexion-y-operacion-de-pmgd\/","title":{"rendered":"CNE constituye Comit\u00e9 Consultivo para elaboraci\u00f3n de Norma T\u00e9cnica de Conexi\u00f3n y Operaci\u00f3n de PMGD"},"content":{"rendered":"<p class=\"qtranxs-available-languages-message qtranxs-available-languages-message-en\">Sorry, this entry is only available in <a href=\"https:\/\/www.cne.cl\/es\/wp-json\/wp\/v2\/pages\/42627\" class=\"qtranxs-available-language-link qtranxs-available-language-link-es\" title=\"Espa\u00f1ol\">European Spanish<\/a>.<\/p>","protected":false},"excerpt":{"rendered":"<p>Sorry, this entry is only available in European Spanish.<\/p>\n","protected":false},"author":2,"featured_media":42634,"parent":42486,"menu_order":1,"comment_status":"closed","ping_status":"closed","template":"entrada-prensa.php","meta":[],"_links":{"self":[{"href":"https:\/\/www.cne.cl\/en\/wp-json\/wp\/v2\/pages\/42627"}],"collection":[{"href":"https:\/\/www.cne.cl\/en\/wp-json\/wp\/v2\/pages"}],"about":[{"href":"https:\/\/www.cne.cl\/en\/wp-json\/wp\/v2\/types\/page"}],"author":[{"embeddable":true,"href":"https:\/\/www.cne.cl\/en\/wp-json\/wp\/v2\/users\/2"}],"replies":[{"embeddable":true,"href":"https:\/\/www.cne.cl\/en\/wp-json\/wp\/v2\/comments?post=42627"}],"version-history":[{"count":5,"href":"https:\/\/www.cne.cl\/en\/wp-json\/wp\/v2\/pages\/42627\/revisions"}],"predecessor-version":[{"id":43104,"href":"https:\/\/www.cne.cl\/en\/wp-json\/wp\/v2\/pages\/42627\/revisions\/43104"}],"up":[{"embeddable":true,"href":"https:\/\/www.cne.cl\/en\/wp-json\/wp\/v2\/pages\/42486"}],"wp:featuredmedia":[{"embeddable":true,"href":"https:\/\/www.cne.cl\/en\/wp-json\/wp\/v2\/media\/42634"}],"wp:attachment":[{"href":"https:\/\/www.cne.cl\/en\/wp-json\/wp\/v2\/media?parent=42627"}],"curies":[{"name":"wp","href":"https:\/\/api.w.org\/{rel}","templated":true}]}}