

{"id":42479,"date":"2022-01-03T14:53:36","date_gmt":"2022-01-03T17:53:36","guid":{"rendered":"https:\/\/www.cne.cl\/?page_id=42479"},"modified":"2022-02-07T17:08:02","modified_gmt":"2022-02-07T20:08:02","slug":"cne-emite-bases-preliminares-de-proxima-licitacion-de-suministro-electrico-2022-01","status":"publish","type":"page","link":"https:\/\/www.cne.cl\/en\/prensa\/prensa-2022\/01-enero-2022\/cne-emite-bases-preliminares-de-proxima-licitacion-de-suministro-electrico-2022-01\/","title":{"rendered":"(Espa\u00f1ol) CNE emite Bases Preliminares de pr\u00f3xima Licitaci\u00f3n de Suministro El\u00e9ctrico (2022\/01)"},"content":{"rendered":"<p class=\"qtranxs-available-languages-message qtranxs-available-languages-message-en\">Sorry, this entry is only available in <a href=\"https:\/\/www.cne.cl\/es\/wp-json\/wp\/v2\/pages\/42479\" class=\"qtranxs-available-language-link qtranxs-available-language-link-es\" title=\"Espa\u00f1ol\">European Spanish<\/a>.<\/p>","protected":false},"excerpt":{"rendered":"<p>Sorry, this entry is only available in European Spanish.<\/p>\n","protected":false},"author":3,"featured_media":0,"parent":42486,"menu_order":0,"comment_status":"closed","ping_status":"closed","template":"entrada-prensa.php","meta":[],"_links":{"self":[{"href":"https:\/\/www.cne.cl\/en\/wp-json\/wp\/v2\/pages\/42479"}],"collection":[{"href":"https:\/\/www.cne.cl\/en\/wp-json\/wp\/v2\/pages"}],"about":[{"href":"https:\/\/www.cne.cl\/en\/wp-json\/wp\/v2\/types\/page"}],"author":[{"embeddable":true,"href":"https:\/\/www.cne.cl\/en\/wp-json\/wp\/v2\/users\/3"}],"replies":[{"embeddable":true,"href":"https:\/\/www.cne.cl\/en\/wp-json\/wp\/v2\/comments?post=42479"}],"version-history":[{"count":6,"href":"https:\/\/www.cne.cl\/en\/wp-json\/wp\/v2\/pages\/42479\/revisions"}],"predecessor-version":[{"id":42993,"href":"https:\/\/www.cne.cl\/en\/wp-json\/wp\/v2\/pages\/42479\/revisions\/42993"}],"up":[{"embeddable":true,"href":"https:\/\/www.cne.cl\/en\/wp-json\/wp\/v2\/pages\/42486"}],"wp:attachment":[{"href":"https:\/\/www.cne.cl\/en\/wp-json\/wp\/v2\/media?parent=42479"}],"curies":[{"name":"wp","href":"https:\/\/api.w.org\/{rel}","templated":true}]}}