

{"id":42245,"date":"2021-12-20T10:21:58","date_gmt":"2021-12-20T13:21:58","guid":{"rendered":"https:\/\/www.cne.cl\/?page_id=42245"},"modified":"2022-02-15T16:51:53","modified_gmt":"2022-02-15T19:51:53","slug":"cne-constituye-comite-consultivo-para-elaboracion-de-norma-tecnica-de-ciberseguridad-en-el-sector-energia","status":"publish","type":"page","link":"https:\/\/www.cne.cl\/en\/prensa\/prensa-2021\/12-diciembre-2021\/cne-constituye-comite-consultivo-para-elaboracion-de-norma-tecnica-de-ciberseguridad-en-el-sector-energia\/","title":{"rendered":"(Espa\u00f1ol) CNE constituye Comit\u00e9 Consultivo para elaboraci\u00f3n de Norma T\u00e9cnica de Ciberseguridad en el sector energ\u00eda"},"content":{"rendered":"<p class=\"qtranxs-available-languages-message qtranxs-available-languages-message-en\">Sorry, this entry is only available in <a href=\"https:\/\/www.cne.cl\/es\/wp-json\/wp\/v2\/pages\/42245\" class=\"qtranxs-available-language-link qtranxs-available-language-link-es\" title=\"Espa\u00f1ol\">European Spanish<\/a>.<\/p>","protected":false},"excerpt":{"rendered":"<p>Sorry, this entry is only available in European Spanish.<\/p>\n","protected":false},"author":3,"featured_media":42246,"parent":42248,"menu_order":0,"comment_status":"closed","ping_status":"closed","template":"entrada-prensa.php","meta":[],"_links":{"self":[{"href":"https:\/\/www.cne.cl\/en\/wp-json\/wp\/v2\/pages\/42245"}],"collection":[{"href":"https:\/\/www.cne.cl\/en\/wp-json\/wp\/v2\/pages"}],"about":[{"href":"https:\/\/www.cne.cl\/en\/wp-json\/wp\/v2\/types\/page"}],"author":[{"embeddable":true,"href":"https:\/\/www.cne.cl\/en\/wp-json\/wp\/v2\/users\/3"}],"replies":[{"embeddable":true,"href":"https:\/\/www.cne.cl\/en\/wp-json\/wp\/v2\/comments?post=42245"}],"version-history":[{"count":5,"href":"https:\/\/www.cne.cl\/en\/wp-json\/wp\/v2\/pages\/42245\/revisions"}],"predecessor-version":[{"id":43106,"href":"https:\/\/www.cne.cl\/en\/wp-json\/wp\/v2\/pages\/42245\/revisions\/43106"}],"up":[{"embeddable":true,"href":"https:\/\/www.cne.cl\/en\/wp-json\/wp\/v2\/pages\/42248"}],"wp:featuredmedia":[{"embeddable":true,"href":"https:\/\/www.cne.cl\/en\/wp-json\/wp\/v2\/media\/42246"}],"wp:attachment":[{"href":"https:\/\/www.cne.cl\/en\/wp-json\/wp\/v2\/media?parent=42245"}],"curies":[{"name":"wp","href":"https:\/\/api.w.org\/{rel}","templated":true}]}}