

{"id":41957,"date":"2021-11-23T13:46:08","date_gmt":"2021-11-23T16:46:08","guid":{"rendered":"https:\/\/www.cne.cl\/?page_id=41957"},"modified":"2022-01-13T16:50:09","modified_gmt":"2022-01-13T19:50:09","slug":"biministro-de-energia-recibio-saludo-del-nuevo-consejo-directivo-del-coordinador-electrico-nacional","status":"publish","type":"page","link":"https:\/\/www.cne.cl\/en\/prensa\/prensa-2021\/11-noviembre-2021\/biministro-de-energia-recibio-saludo-del-nuevo-consejo-directivo-del-coordinador-electrico-nacional\/","title":{"rendered":"(Espa\u00f1ol) Biministro de Energ\u00eda recibi\u00f3 saludo del nuevo Consejo Directivo  del Coordinador El\u00e9ctrico Nacional"},"content":{"rendered":"<p class=\"qtranxs-available-languages-message qtranxs-available-languages-message-en\">Sorry, this entry is only available in <a href=\"https:\/\/www.cne.cl\/es\/wp-json\/wp\/v2\/pages\/41957\" class=\"qtranxs-available-language-link qtranxs-available-language-link-es\" title=\"Espa\u00f1ol\">European Spanish<\/a>.<\/p>","protected":false},"excerpt":{"rendered":"<p>Sorry, this entry is only available in European Spanish.<\/p>\n","protected":false},"author":3,"featured_media":41958,"parent":41764,"menu_order":1,"comment_status":"closed","ping_status":"closed","template":"entrada-prensa.php","meta":[],"_links":{"self":[{"href":"https:\/\/www.cne.cl\/en\/wp-json\/wp\/v2\/pages\/41957"}],"collection":[{"href":"https:\/\/www.cne.cl\/en\/wp-json\/wp\/v2\/pages"}],"about":[{"href":"https:\/\/www.cne.cl\/en\/wp-json\/wp\/v2\/types\/page"}],"author":[{"embeddable":true,"href":"https:\/\/www.cne.cl\/en\/wp-json\/wp\/v2\/users\/3"}],"replies":[{"embeddable":true,"href":"https:\/\/www.cne.cl\/en\/wp-json\/wp\/v2\/comments?post=41957"}],"version-history":[{"count":3,"href":"https:\/\/www.cne.cl\/en\/wp-json\/wp\/v2\/pages\/41957\/revisions"}],"predecessor-version":[{"id":42768,"href":"https:\/\/www.cne.cl\/en\/wp-json\/wp\/v2\/pages\/41957\/revisions\/42768"}],"up":[{"embeddable":true,"href":"https:\/\/www.cne.cl\/en\/wp-json\/wp\/v2\/pages\/41764"}],"wp:featuredmedia":[{"embeddable":true,"href":"https:\/\/www.cne.cl\/en\/wp-json\/wp\/v2\/media\/41958"}],"wp:attachment":[{"href":"https:\/\/www.cne.cl\/en\/wp-json\/wp\/v2\/media?parent=41957"}],"curies":[{"name":"wp","href":"https:\/\/api.w.org\/{rel}","templated":true}]}}