

{"id":41853,"date":"2021-11-18T18:30:39","date_gmt":"2021-11-18T21:30:39","guid":{"rendered":"https:\/\/www.cne.cl\/?page_id=41853"},"modified":"2022-03-31T10:11:16","modified_gmt":"2022-03-31T13:11:16","slug":"comision-nacional-de-energia-informa-aplicacion-de-consideraciones-para-proceso-de-declaracion-de-proyectos-en-construccion","status":"publish","type":"page","link":"https:\/\/www.cne.cl\/en\/comision-nacional-de-energia-informa-aplicacion-de-consideraciones-para-proceso-de-declaracion-de-proyectos-en-construccion\/","title":{"rendered":"(Espa\u00f1ol) CNE informa aplicaci\u00f3n de consideraciones para Declaraci\u00f3n de Proyectos en Construcci\u00f3n"},"content":{"rendered":"<p class=\"qtranxs-available-languages-message qtranxs-available-languages-message-en\">Sorry, this entry is only available in <a href=\"https:\/\/www.cne.cl\/es\/wp-json\/wp\/v2\/pages\/41853\" class=\"qtranxs-available-language-link qtranxs-available-language-link-es\" title=\"Espa\u00f1ol\">European Spanish<\/a>.<\/p>","protected":false},"excerpt":{"rendered":"<p>Sorry, this entry is only available in European Spanish.<\/p>\n","protected":false},"author":17,"featured_media":0,"parent":0,"menu_order":13,"comment_status":"closed","ping_status":"closed","template":"entrada-prensa.php","meta":[],"_links":{"self":[{"href":"https:\/\/www.cne.cl\/en\/wp-json\/wp\/v2\/pages\/41853"}],"collection":[{"href":"https:\/\/www.cne.cl\/en\/wp-json\/wp\/v2\/pages"}],"about":[{"href":"https:\/\/www.cne.cl\/en\/wp-json\/wp\/v2\/types\/page"}],"author":[{"embeddable":true,"href":"https:\/\/www.cne.cl\/en\/wp-json\/wp\/v2\/users\/17"}],"replies":[{"embeddable":true,"href":"https:\/\/www.cne.cl\/en\/wp-json\/wp\/v2\/comments?post=41853"}],"version-history":[{"count":10,"href":"https:\/\/www.cne.cl\/en\/wp-json\/wp\/v2\/pages\/41853\/revisions"}],"predecessor-version":[{"id":43532,"href":"https:\/\/www.cne.cl\/en\/wp-json\/wp\/v2\/pages\/41853\/revisions\/43532"}],"wp:attachment":[{"href":"https:\/\/www.cne.cl\/en\/wp-json\/wp\/v2\/media?parent=41853"}],"curies":[{"name":"wp","href":"https:\/\/api.w.org\/{rel}","templated":true}]}}