

{"id":41515,"date":"2021-10-20T09:30:38","date_gmt":"2021-10-20T12:30:38","guid":{"rendered":"https:\/\/www.cne.cl\/?page_id=41515"},"modified":"2021-11-02T17:24:13","modified_gmt":"2021-11-02T20:24:13","slug":"cne-inicia-elaboracion-de-normas-tecnicas-de-conexion-y-operacion-de-pmgd-y-de-ciberseguridad","status":"publish","type":"page","link":"https:\/\/www.cne.cl\/en\/prensa\/prensa-2021\/10-octubre-2021\/cne-inicia-elaboracion-de-normas-tecnicas-de-conexion-y-operacion-de-pmgd-y-de-ciberseguridad\/","title":{"rendered":"(Espa\u00f1ol) CNE inicia elaboraci\u00f3n de Normas T\u00e9cnicas de Conexi\u00f3n y Operaci\u00f3n de PMGD y de Ciberseguridad"},"content":{"rendered":"<p class=\"qtranxs-available-languages-message qtranxs-available-languages-message-en\">Sorry, this entry is only available in <a href=\"https:\/\/www.cne.cl\/es\/wp-json\/wp\/v2\/pages\/41515\" class=\"qtranxs-available-language-link qtranxs-available-language-link-es\" title=\"Espa\u00f1ol\">European Spanish<\/a>.<\/p>","protected":false},"excerpt":{"rendered":"<p>Sorry, this entry is only available in European Spanish.<\/p>\n","protected":false},"author":3,"featured_media":0,"parent":41523,"menu_order":0,"comment_status":"closed","ping_status":"closed","template":"entrada-prensa.php","meta":[],"_links":{"self":[{"href":"https:\/\/www.cne.cl\/en\/wp-json\/wp\/v2\/pages\/41515"}],"collection":[{"href":"https:\/\/www.cne.cl\/en\/wp-json\/wp\/v2\/pages"}],"about":[{"href":"https:\/\/www.cne.cl\/en\/wp-json\/wp\/v2\/types\/page"}],"author":[{"embeddable":true,"href":"https:\/\/www.cne.cl\/en\/wp-json\/wp\/v2\/users\/3"}],"replies":[{"embeddable":true,"href":"https:\/\/www.cne.cl\/en\/wp-json\/wp\/v2\/comments?post=41515"}],"version-history":[{"count":7,"href":"https:\/\/www.cne.cl\/en\/wp-json\/wp\/v2\/pages\/41515\/revisions"}],"predecessor-version":[{"id":41722,"href":"https:\/\/www.cne.cl\/en\/wp-json\/wp\/v2\/pages\/41515\/revisions\/41722"}],"up":[{"embeddable":true,"href":"https:\/\/www.cne.cl\/en\/wp-json\/wp\/v2\/pages\/41523"}],"wp:attachment":[{"href":"https:\/\/www.cne.cl\/en\/wp-json\/wp\/v2\/media?parent=41515"}],"curies":[{"name":"wp","href":"https:\/\/api.w.org\/{rel}","templated":true}]}}