

{"id":40882,"date":"2021-08-30T19:57:14","date_gmt":"2021-08-30T23:57:14","guid":{"rendered":"https:\/\/www.cne.cl\/?page_id=40882"},"modified":"2021-09-22T18:34:48","modified_gmt":"2021-09-22T21:34:48","slug":"gobierno-logra-batir-record-en-precios-de-electricidad-presentados-en-licitacion","status":"publish","type":"page","link":"https:\/\/www.cne.cl\/en\/prensa\/prensa-2021\/08-agosto-2021\/gobierno-logra-batir-record-en-precios-de-electricidad-presentados-en-licitacion\/","title":{"rendered":"(Espa\u00f1ol) GOBIERNO LOGRA BATIR R\u00c9CORD EN PRECIOS DE ELECTRICIDAD PRESENTADOS EN LICITACI\u00d3N"},"content":{"rendered":"<p class=\"qtranxs-available-languages-message qtranxs-available-languages-message-en\">Sorry, this entry is only available in <a href=\"https:\/\/www.cne.cl\/es\/wp-json\/wp\/v2\/pages\/40882\" class=\"qtranxs-available-language-link qtranxs-available-language-link-es\" title=\"Espa\u00f1ol\">European Spanish<\/a>.<\/p>","protected":false},"excerpt":{"rendered":"<p>Sorry, this entry is only available in European Spanish.<\/p>\n","protected":false},"author":3,"featured_media":40883,"parent":40547,"menu_order":1,"comment_status":"closed","ping_status":"closed","template":"entrada-prensa.php","meta":[],"_links":{"self":[{"href":"https:\/\/www.cne.cl\/en\/wp-json\/wp\/v2\/pages\/40882"}],"collection":[{"href":"https:\/\/www.cne.cl\/en\/wp-json\/wp\/v2\/pages"}],"about":[{"href":"https:\/\/www.cne.cl\/en\/wp-json\/wp\/v2\/types\/page"}],"author":[{"embeddable":true,"href":"https:\/\/www.cne.cl\/en\/wp-json\/wp\/v2\/users\/3"}],"replies":[{"embeddable":true,"href":"https:\/\/www.cne.cl\/en\/wp-json\/wp\/v2\/comments?post=40882"}],"version-history":[{"count":3,"href":"https:\/\/www.cne.cl\/en\/wp-json\/wp\/v2\/pages\/40882\/revisions"}],"predecessor-version":[{"id":41364,"href":"https:\/\/www.cne.cl\/en\/wp-json\/wp\/v2\/pages\/40882\/revisions\/41364"}],"up":[{"embeddable":true,"href":"https:\/\/www.cne.cl\/en\/wp-json\/wp\/v2\/pages\/40547"}],"wp:featuredmedia":[{"embeddable":true,"href":"https:\/\/www.cne.cl\/en\/wp-json\/wp\/v2\/media\/40883"}],"wp:attachment":[{"href":"https:\/\/www.cne.cl\/en\/wp-json\/wp\/v2\/media?parent=40882"}],"curies":[{"name":"wp","href":"https:\/\/api.w.org\/{rel}","templated":true}]}}