

{"id":40565,"date":"2021-08-06T11:02:42","date_gmt":"2021-08-06T15:02:42","guid":{"rendered":"https:\/\/www.cne.cl\/?page_id=40565"},"modified":"2021-08-06T11:05:43","modified_gmt":"2021-08-06T15:05:43","slug":"29-empresas-generadoras-presentan-sus-ofertas-en-licitacion-de-suministro-electrico","status":"publish","type":"page","link":"https:\/\/www.cne.cl\/en\/29-empresas-generadoras-presentan-sus-ofertas-en-licitacion-de-suministro-electrico\/","title":{"rendered":"29 generating companies present their offers in the Electric Supply Tender"},"content":{"rendered":"<p><strong>Hoy se realiz\u00f3 la presentaci\u00f3n de ofertas para esta subasta de <\/strong><strong>2.310 GWh-a\u00f1o<\/strong> <strong>de energ\u00eda, que abastecer\u00e1 a los clientes regulados a partir del a\u00f1o 2026.<\/strong><\/p>\n<p>Un total de 29 empresas generadoras nacionales y extranjeras llegaron este jueves 5 de agosto a presentar sus propuestas econ\u00f3micas y administrativas para participar en el proceso de Licitaci\u00f3n P\u00fablica Nacional e Internacional para el Suministro de Energ\u00eda y Potencia El\u00e9ctrica 2021\/01, que subastar\u00e1 2.310 GWh-a\u00f1o para abastecer las necesidades de energ\u00eda de los clientes regulados del Sistema El\u00e9ctrico Nacional, por un per\u00edodo de 15 a\u00f1os a partir del a\u00f1o 2026.<\/p>\n<p>En la ocasi\u00f3n, el <strong>Secretario Ejecutivo de la Comisi\u00f3n Nacional de Energ\u00eda, Jos\u00e9 Venegas, <\/strong>se mostr\u00f3 satisfecho con el resultado de las ofertas presentadas y se\u00f1al\u00f3 que \u201clas licitaciones de suministro el\u00e9ctrico han mostrado ser una importante v\u00eda para el ingreso de nuevos actores en la competencia del sistema el\u00e9ctrico y para la incorporaci\u00f3n de nuevos proyectos renovables y eficientes, aportando de esta manera, en la transformaci\u00f3n hacia una matriz energ\u00e9tica cada vez m\u00e1s limpia y beneficiando a la ciudadan\u00eda con contratos de bajo precio que ayudan a disminuir las cuentas de electricidad\u201d.<\/p>\n<p>\u201cHoy se han presentado un total de 29 ofertas para este proceso de licitaci\u00f3n, lo que nos indica que tenemos un mercado en competencia, din\u00e1mico, sano, capaz de atraer nuevas e importantes inversiones, que cuenta con una regulaci\u00f3n clara y estamos confiados en que ser\u00e1 un proceso exitoso y beneficioso para los clientes\u201d.<\/p>\n<p>Por su parte, el <strong>Director Ejecutivo de la Asociaci\u00f3n de Empresas El\u00e9ctricas A.G., Rodrigo Castillo, <\/strong>agreg\u00f3 que \u201clas licitaciones de suministro el\u00e9ctrico son un proceso clave para garantizar el abastecimiento de electricidad de las familias chilenas y, desde esa perspectiva esperamos que en los pr\u00f3ximos a\u00f1os nuestros clientes puedan acceder a un suministro seguro y a precios competitivos\u201d.<\/p>\n<p>En tanto, el <strong>Gerente General de la Federaci\u00f3n Nacional de Cooperativas El\u00e9ctricas &#8211; FENACOPEL, Patricio Molina,<\/strong> indic\u00f3 que \u201cuna vez m\u00e1s las licitaciones el\u00e9ctricas han demostrado ser un sistema trasparente que ha concentrado el inter\u00e9s de generadores de diversos tama\u00f1os y tecnolog\u00edas por competir en entregar un suministro el\u00e9ctrico futuro al mejor precio, lo que sin lugar a dudas beneficia a todos nuestros usuarios\u201d.<\/p>\n<p>En el marco de la nueva Ley de Licitaciones (N\u00b020.805), a la Comisi\u00f3n Nacional de Energ\u00eda le corresponde dise\u00f1ar, coordinar y dirigir el proceso de licitaci\u00f3n p\u00fablica del presente a\u00f1o, cuyo objetivo es que las empresas de distribuci\u00f3n el\u00e9ctrica dispongan de contratos de suministro de largo plazo para satisfacer los consumos de sus clientes sometidos a regulaci\u00f3n de precios (consumidores y pymes).<\/p>\n<p>El presente proceso de Licitaci\u00f3n de Suministro 2021\/01 se dio inicio en diciembre de 2020 con la publicaci\u00f3n de las Bases de Licitaci\u00f3n.<\/p>\n<p>De acuerdo con el programa definido en las se\u00f1aladas Bases, tras la presentaci\u00f3n de las ofertas por parte de las empresas generadoras nacionales e internacionales, el jueves 19 de agosto, se realizar\u00e1 la Apertura del Precio de Reserva y el Margen de Reserva, para luego, el 25 de agosto, efectuar la Apertura e Inspecci\u00f3n de las Ofertas Econ\u00f3micas. El viernes 27 de agosto se realizar\u00e1 el acto p\u00fablico de adjudicaci\u00f3n de dichas ofertas en caso de finalizar en primera etapa.<\/p>\n<p>La licitaci\u00f3n consta de un Bloque de Suministro, el cual est\u00e1 compuesto por 3 Bloques de Suministro Horarios, con inicio de suministro el 1 de enero de 2026, por un per\u00edodo de 15 a\u00f1os.<\/p>\n<p>Las Bases de Licitaci\u00f3n contemplan cambios destinados a reducir algunos riesgos de modo de incentivar la participaci\u00f3n de los distintos suministradores de energ\u00eda, lograr precios competitivos que beneficien a los clientes regulados y dar m\u00e1s acceso a distintos tipos de energ\u00eda, incluido el almacenamiento.<\/p>\n<p>Entre tales cambios, se incluye la posibilidad opcional de extensi\u00f3n del contrato por hasta 3 a\u00f1os m\u00e1s en caso de no facturarse toda la energ\u00eda comprometida, la habilitaci\u00f3n para que ante un cambio legal que incorpore nuevas condiciones de facturaci\u00f3n para futuras licitaciones, ellas puedan ser acogidas opcionalmente por los contratos adjudicados en la presente Licitaci\u00f3n, y permitir y facilitar la participaci\u00f3n de Sistemas de Almacenamiento.<\/p>\n<p><strong><u>Lista de los 29 Oferentes:<\/u><\/strong><\/p>\n<p>1)Acciona Energ\u00eda Chile Holdings S.A.<\/p>\n<p>2)E\u00f3lica Monte Redondo SpA<\/p>\n<p>3)Inversiones Hornitos SpA<\/p>\n<p>4)Solar Los Loros SpA<\/p>\n<p>5)Enel Generaci\u00f3n Chile S.A.<\/p>\n<p>6)Sonnedix PPA Holding SpA<\/p>\n<p>7)Chagual Energ\u00eda Spa<\/p>\n<p>8)FRV Development Chile I SpA<\/p>\n<p>9)Rac\u00f3 Energ\u00eda SpA<\/p>\n<p>10)Colb\u00fan S.A.<\/p>\n<p>11)Hidroel\u00e9ctrica Rio Lircay S.A.<\/p>\n<p>12)OPDE Chile SPA<\/p>\n<p>13)Copiap\u00f3 Energ\u00eda Solar SpA<\/p>\n<p>14)Duqueco SpA<\/p>\n<p>15)PV Salvador S.A.<\/p>\n<p>16)Energ\u00eda Coyanco S.A.<\/p>\n<p>17)Inversiones la Frontera Sur SpA<\/p>\n<p>18)Chungungo Sociedad An\u00f3nima<\/p>\n<p>19)Atlas Energia SpA<\/p>\n<p>20)Likana Solar SpA<\/p>\n<p>21)Parque E\u00f3lico Vientos del Pac\u00edfico SpA<\/p>\n<p>22)Canadian Solar Libertador Solar Holding SpA<\/p>\n<p>23)Renovalia Chile Dos SpA<\/p>\n<p>24)Pacific Hydro Chile S.A.<\/p>\n<p>25)Parque E\u00f3lico San Andr\u00e9s SpA<\/p>\n<p>26)Conejo Solar SpA<\/p>\n<p>27)Librillo Solar SpA<\/p>\n<p>28)Parque E\u00f3lico Carica SpA<\/p>\n<p>29)GR Power Chile SpA<\/p>\n<p>Programa de la Licitaci\u00f3n:<\/p>\n<p>&nbsp;<\/p>\n<table style=\"border-style: solid; border-color: #979899;\" border=\"2\">\n<tbody>\n<tr>\n<td width=\"359\">Etapa<\/td>\n<td width=\"230\">Fecha<\/td>\n<\/tr>\n<tr>\n<td width=\"359\">Fecha de Presentaci\u00f3n de las Propuestas<\/td>\n<td width=\"230\">Jueves 5 agosto 2021<\/td>\n<\/tr>\n<tr>\n<td width=\"359\">Fecha de Apertura del Precio de Reserva y el Margen de Reserva<\/td>\n<td width=\"230\">jueves 19 de agosto de 2021<\/p>\n<p>&nbsp;<\/td>\n<\/tr>\n<tr>\n<td width=\"359\">Fecha de Apertura e Inspecci\u00f3n de las Ofertas Econ\u00f3micas<\/td>\n<td width=\"230\">mi\u00e9rcoles 25 de agosto de 2021<\/td>\n<\/tr>\n<tr>\n<td width=\"359\">Acto p\u00fablico de Adjudicaci\u00f3n, en caso de finalizaci\u00f3n en primera etapa de ambos bloques<\/td>\n<td width=\"230\">viernes 27 de agosto de 2021<\/td>\n<\/tr>\n<\/tbody>\n<\/table>\n","protected":false},"excerpt":{"rendered":"<p>Hoy se realiz\u00f3 la presentaci\u00f3n de ofertas para esta subasta de 2.310 GWh-a\u00f1o de energ\u00eda, que abastecer\u00e1 a los clientes regulados a partir del a\u00f1o 2026. Un total de 29 empresas generadoras nacionales y extranjeras llegaron este jueves 5 de agosto a presentar sus propuestas econ\u00f3micas y administrativas para participar en el proceso de Licitaci\u00f3n [&hellip;]<\/p>\n","protected":false},"author":2,"featured_media":0,"parent":0,"menu_order":12,"comment_status":"closed","ping_status":"closed","template":"","meta":[],"_links":{"self":[{"href":"https:\/\/www.cne.cl\/en\/wp-json\/wp\/v2\/pages\/40565"}],"collection":[{"href":"https:\/\/www.cne.cl\/en\/wp-json\/wp\/v2\/pages"}],"about":[{"href":"https:\/\/www.cne.cl\/en\/wp-json\/wp\/v2\/types\/page"}],"author":[{"embeddable":true,"href":"https:\/\/www.cne.cl\/en\/wp-json\/wp\/v2\/users\/2"}],"replies":[{"embeddable":true,"href":"https:\/\/www.cne.cl\/en\/wp-json\/wp\/v2\/comments?post=40565"}],"version-history":[{"count":6,"href":"https:\/\/www.cne.cl\/en\/wp-json\/wp\/v2\/pages\/40565\/revisions"}],"predecessor-version":[{"id":40586,"href":"https:\/\/www.cne.cl\/en\/wp-json\/wp\/v2\/pages\/40565\/revisions\/40586"}],"wp:attachment":[{"href":"https:\/\/www.cne.cl\/en\/wp-json\/wp\/v2\/media?parent=40565"}],"curies":[{"name":"wp","href":"https:\/\/api.w.org\/{rel}","templated":true}]}}