

{"id":38888,"date":"2021-06-15T12:35:29","date_gmt":"2021-06-15T16:35:29","guid":{"rendered":"http:\/\/www.cne.cl\/?page_id=38888"},"modified":"2021-08-05T16:18:02","modified_gmt":"2021-08-05T20:18:02","slug":"cne-realizara-5-de-agosto-presentacion-de-propuestas-en-licitacion-de-suministro-electrico","status":"publish","type":"page","link":"https:\/\/www.cne.cl\/en\/prensa\/prensa-2021\/06-junio-2021\/cne-realizara-5-de-agosto-presentacion-de-propuestas-en-licitacion-de-suministro-electrico\/","title":{"rendered":"(Espa\u00f1ol) CNE realizar\u00e1 5 de agosto presentaci\u00f3n de propuestas en Licitaci\u00f3n de Suministro El\u00e9ctrico"},"content":{"rendered":"<p class=\"qtranxs-available-languages-message qtranxs-available-languages-message-en\">Sorry, this entry is only available in <a href=\"https:\/\/www.cne.cl\/es\/wp-json\/wp\/v2\/pages\/38888\" class=\"qtranxs-available-language-link qtranxs-available-language-link-es\" title=\"Espa\u00f1ol\">European Spanish<\/a>.<\/p>","protected":false},"excerpt":{"rendered":"<p>Sorry, this entry is only available in European Spanish.<\/p>\n","protected":false},"author":3,"featured_media":0,"parent":38834,"menu_order":1,"comment_status":"closed","ping_status":"closed","template":"entrada-prensa.php","meta":[],"_links":{"self":[{"href":"https:\/\/www.cne.cl\/en\/wp-json\/wp\/v2\/pages\/38888"}],"collection":[{"href":"https:\/\/www.cne.cl\/en\/wp-json\/wp\/v2\/pages"}],"about":[{"href":"https:\/\/www.cne.cl\/en\/wp-json\/wp\/v2\/types\/page"}],"author":[{"embeddable":true,"href":"https:\/\/www.cne.cl\/en\/wp-json\/wp\/v2\/users\/3"}],"replies":[{"embeddable":true,"href":"https:\/\/www.cne.cl\/en\/wp-json\/wp\/v2\/comments?post=38888"}],"version-history":[{"count":4,"href":"https:\/\/www.cne.cl\/en\/wp-json\/wp\/v2\/pages\/38888\/revisions"}],"predecessor-version":[{"id":40561,"href":"https:\/\/www.cne.cl\/en\/wp-json\/wp\/v2\/pages\/38888\/revisions\/40561"}],"up":[{"embeddable":true,"href":"https:\/\/www.cne.cl\/en\/wp-json\/wp\/v2\/pages\/38834"}],"wp:attachment":[{"href":"https:\/\/www.cne.cl\/en\/wp-json\/wp\/v2\/media?parent=38888"}],"curies":[{"name":"wp","href":"https:\/\/api.w.org\/{rel}","templated":true}]}}