

{"id":38847,"date":"2021-06-11T15:45:08","date_gmt":"2021-06-11T19:45:08","guid":{"rendered":"http:\/\/www.cne.cl\/?page_id=38847"},"modified":"2021-07-14T17:22:14","modified_gmt":"2021-07-14T21:22:14","slug":"cne-iniciara-14-junio-consulta-publica-de-norma-tecnica-gas-natural-regasificado","status":"publish","type":"page","link":"https:\/\/www.cne.cl\/en\/prensa\/prensa-2021\/06-junio-2021\/cne-iniciara-14-junio-consulta-publica-de-norma-tecnica-gas-natural-regasificado\/","title":{"rendered":"(Espa\u00f1ol) CNE iniciar\u00e1 14 junio Consulta P\u00fablica de Norma T\u00e9cnica Gas Natural Regasificado"},"content":{"rendered":"<p class=\"qtranxs-available-languages-message qtranxs-available-languages-message-en\">Sorry, this entry is only available in <a href=\"https:\/\/www.cne.cl\/es\/wp-json\/wp\/v2\/pages\/38847\" class=\"qtranxs-available-language-link qtranxs-available-language-link-es\" title=\"Espa\u00f1ol\">European Spanish<\/a>.<\/p>","protected":false},"excerpt":{"rendered":"<p>Sorry, this entry is only available in European Spanish.<\/p>\n","protected":false},"author":3,"featured_media":0,"parent":38834,"menu_order":0,"comment_status":"closed","ping_status":"closed","template":"entrada-prensa.php","meta":[],"_links":{"self":[{"href":"https:\/\/www.cne.cl\/en\/wp-json\/wp\/v2\/pages\/38847"}],"collection":[{"href":"https:\/\/www.cne.cl\/en\/wp-json\/wp\/v2\/pages"}],"about":[{"href":"https:\/\/www.cne.cl\/en\/wp-json\/wp\/v2\/types\/page"}],"author":[{"embeddable":true,"href":"https:\/\/www.cne.cl\/en\/wp-json\/wp\/v2\/users\/3"}],"replies":[{"embeddable":true,"href":"https:\/\/www.cne.cl\/en\/wp-json\/wp\/v2\/comments?post=38847"}],"version-history":[{"count":4,"href":"https:\/\/www.cne.cl\/en\/wp-json\/wp\/v2\/pages\/38847\/revisions"}],"predecessor-version":[{"id":40264,"href":"https:\/\/www.cne.cl\/en\/wp-json\/wp\/v2\/pages\/38847\/revisions\/40264"}],"up":[{"embeddable":true,"href":"https:\/\/www.cne.cl\/en\/wp-json\/wp\/v2\/pages\/38834"}],"wp:attachment":[{"href":"https:\/\/www.cne.cl\/en\/wp-json\/wp\/v2\/media?parent=38847"}],"curies":[{"name":"wp","href":"https:\/\/api.w.org\/{rel}","templated":true}]}}