

{"id":37215,"date":"2021-04-26T10:05:06","date_gmt":"2021-04-26T14:05:06","guid":{"rendered":"http:\/\/www.cne.cl\/?page_id=37215"},"modified":"2021-05-30T12:35:54","modified_gmt":"2021-05-30T16:35:54","slug":"secretario-ejecutivo-de-cne-participo-en-vii-reunion-anual-de-reguladores-de-energia-de-iberoamerica","status":"publish","type":"page","link":"https:\/\/www.cne.cl\/en\/prensa\/prensa-2021\/04-abril-2021\/secretario-ejecutivo-de-cne-participo-en-vii-reunion-anual-de-reguladores-de-energia-de-iberoamerica\/","title":{"rendered":"(Espa\u00f1ol) Secretario Ejecutivo de CNE particip\u00f3 en VII Reuni\u00f3n anual de Reguladores de Energ\u00eda de Iberoam\u00e9rica"},"content":{"rendered":"<p class=\"qtranxs-available-languages-message qtranxs-available-languages-message-en\">Sorry, this entry is only available in <a href=\"https:\/\/www.cne.cl\/es\/wp-json\/wp\/v2\/pages\/37215\" class=\"qtranxs-available-language-link qtranxs-available-language-link-es\" title=\"Espa\u00f1ol\">European Spanish<\/a>.<\/p>","protected":false},"excerpt":{"rendered":"<p>Sorry, this entry is only available in European Spanish.<\/p>\n","protected":false},"author":3,"featured_media":37238,"parent":36807,"menu_order":1,"comment_status":"closed","ping_status":"closed","template":"entrada-prensa.php","meta":[],"_links":{"self":[{"href":"https:\/\/www.cne.cl\/en\/wp-json\/wp\/v2\/pages\/37215"}],"collection":[{"href":"https:\/\/www.cne.cl\/en\/wp-json\/wp\/v2\/pages"}],"about":[{"href":"https:\/\/www.cne.cl\/en\/wp-json\/wp\/v2\/types\/page"}],"author":[{"embeddable":true,"href":"https:\/\/www.cne.cl\/en\/wp-json\/wp\/v2\/users\/3"}],"replies":[{"embeddable":true,"href":"https:\/\/www.cne.cl\/en\/wp-json\/wp\/v2\/comments?post=37215"}],"version-history":[{"count":6,"href":"https:\/\/www.cne.cl\/en\/wp-json\/wp\/v2\/pages\/37215\/revisions"}],"predecessor-version":[{"id":38336,"href":"https:\/\/www.cne.cl\/en\/wp-json\/wp\/v2\/pages\/37215\/revisions\/38336"}],"up":[{"embeddable":true,"href":"https:\/\/www.cne.cl\/en\/wp-json\/wp\/v2\/pages\/36807"}],"wp:featuredmedia":[{"embeddable":true,"href":"https:\/\/www.cne.cl\/en\/wp-json\/wp\/v2\/media\/37238"}],"wp:attachment":[{"href":"https:\/\/www.cne.cl\/en\/wp-json\/wp\/v2\/media?parent=37215"}],"curies":[{"name":"wp","href":"https:\/\/api.w.org\/{rel}","templated":true}]}}