

{"id":37104,"date":"2021-04-15T16:39:27","date_gmt":"2021-04-15T20:39:27","guid":{"rendered":"http:\/\/www.cne.cl\/?page_id=37104"},"modified":"2021-05-18T11:32:59","modified_gmt":"2021-05-18T15:32:59","slug":"cne-emite-informe-tecnico-final-del-plan-de-expansion-transmision-ano-2020","status":"publish","type":"page","link":"https:\/\/www.cne.cl\/en\/prensa\/prensa-2021\/04-abril-2021\/cne-emite-informe-tecnico-final-del-plan-de-expansion-transmision-ano-2020\/","title":{"rendered":"(Espa\u00f1ol) CNE emite Informe T\u00e9cnico Final del Plan de Expansi\u00f3n Transmisi\u00f3n a\u00f1o 2020"},"content":{"rendered":"<p class=\"qtranxs-available-languages-message qtranxs-available-languages-message-en\">Sorry, this entry is only available in <a href=\"https:\/\/www.cne.cl\/es\/wp-json\/wp\/v2\/pages\/37104\" class=\"qtranxs-available-language-link qtranxs-available-language-link-es\" title=\"Espa\u00f1ol\">European Spanish<\/a>.<\/p>","protected":false},"excerpt":{"rendered":"<p>Sorry, this entry is only available in European Spanish.<\/p>\n","protected":false},"author":3,"featured_media":0,"parent":36807,"menu_order":4,"comment_status":"closed","ping_status":"closed","template":"entrada-prensa.php","meta":[],"_links":{"self":[{"href":"https:\/\/www.cne.cl\/en\/wp-json\/wp\/v2\/pages\/37104"}],"collection":[{"href":"https:\/\/www.cne.cl\/en\/wp-json\/wp\/v2\/pages"}],"about":[{"href":"https:\/\/www.cne.cl\/en\/wp-json\/wp\/v2\/types\/page"}],"author":[{"embeddable":true,"href":"https:\/\/www.cne.cl\/en\/wp-json\/wp\/v2\/users\/3"}],"replies":[{"embeddable":true,"href":"https:\/\/www.cne.cl\/en\/wp-json\/wp\/v2\/comments?post=37104"}],"version-history":[{"count":4,"href":"https:\/\/www.cne.cl\/en\/wp-json\/wp\/v2\/pages\/37104\/revisions"}],"predecessor-version":[{"id":37643,"href":"https:\/\/www.cne.cl\/en\/wp-json\/wp\/v2\/pages\/37104\/revisions\/37643"}],"up":[{"embeddable":true,"href":"https:\/\/www.cne.cl\/en\/wp-json\/wp\/v2\/pages\/36807"}],"wp:attachment":[{"href":"https:\/\/www.cne.cl\/en\/wp-json\/wp\/v2\/media?parent=37104"}],"curies":[{"name":"wp","href":"https:\/\/api.w.org\/{rel}","templated":true}]}}