

{"id":3586,"date":"2015-07-16T12:11:44","date_gmt":"2015-07-16T15:11:44","guid":{"rendered":"http:\/\/cne.bluelab.cl\/?page_id=3586"},"modified":"2016-03-20T14:31:33","modified_gmt":"2016-03-20T17:31:33","slug":"abril-2004","status":"publish","type":"page","link":"https:\/\/www.cne.cl\/en\/abril-2004\/","title":{"rendered":"Abril 2004"},"content":{"rendered":"<p>Precio de Nudo, Abril del 2004<\/p>\n<p>Informes T\u00e9cnicos Definitivos de Precios de Nudo correspondiente a la fijaci\u00f3n de Abril del 2004 para los siguientes sistemas el\u00e9ctricos: <\/p>\n","protected":false},"excerpt":{"rendered":"<p>Precio de Nudo, Abril del 2004 Informes T\u00e9cnicos Definitivos de Precios de Nudo correspondiente a la fijaci\u00f3n de Abril del 2004 para los siguientes sistemas el\u00e9ctricos:<\/p>\n","protected":false},"author":3,"featured_media":0,"parent":0,"menu_order":1,"comment_status":"open","ping_status":"open","template":"","meta":[],"_links":{"self":[{"href":"https:\/\/www.cne.cl\/en\/wp-json\/wp\/v2\/pages\/3586"}],"collection":[{"href":"https:\/\/www.cne.cl\/en\/wp-json\/wp\/v2\/pages"}],"about":[{"href":"https:\/\/www.cne.cl\/en\/wp-json\/wp\/v2\/types\/page"}],"author":[{"embeddable":true,"href":"https:\/\/www.cne.cl\/en\/wp-json\/wp\/v2\/users\/3"}],"replies":[{"embeddable":true,"href":"https:\/\/www.cne.cl\/en\/wp-json\/wp\/v2\/comments?post=3586"}],"version-history":[{"count":1,"href":"https:\/\/www.cne.cl\/en\/wp-json\/wp\/v2\/pages\/3586\/revisions"}],"predecessor-version":[{"id":3593,"href":"https:\/\/www.cne.cl\/en\/wp-json\/wp\/v2\/pages\/3586\/revisions\/3593"}],"wp:attachment":[{"href":"https:\/\/www.cne.cl\/en\/wp-json\/wp\/v2\/media?parent=3586"}],"curies":[{"name":"wp","href":"https:\/\/api.w.org\/{rel}","templated":true}]}}