

{"id":35826,"date":"2021-03-04T17:22:02","date_gmt":"2021-03-04T20:22:02","guid":{"rendered":"http:\/\/www.cne.cl\/?page_id=35826"},"modified":"2021-03-24T14:07:45","modified_gmt":"2021-03-24T17:07:45","slug":"cne-firma-acuerdo-de-colaboracion-con-agencia-de-regulacion-y-control-de-energia-de-ecuador","status":"publish","type":"page","link":"https:\/\/www.cne.cl\/en\/prensa\/prensa-2021\/03-marzo-2021\/cne-firma-acuerdo-de-colaboracion-con-agencia-de-regulacion-y-control-de-energia-de-ecuador\/","title":{"rendered":"(Espa\u00f1ol) CNE firma acuerdo de colaboraci\u00f3n con Agencia de Regulaci\u00f3n y Control de Energ\u00eda de Ecuador"},"content":{"rendered":"<p class=\"qtranxs-available-languages-message qtranxs-available-languages-message-en\">Sorry, this entry is only available in <a href=\"https:\/\/www.cne.cl\/es\/wp-json\/wp\/v2\/pages\/35826\" class=\"qtranxs-available-language-link qtranxs-available-language-link-es\" title=\"Espa\u00f1ol\">European Spanish<\/a>.<\/p>","protected":false},"excerpt":{"rendered":"<p>Sorry, this entry is only available in European Spanish.<\/p>\n","protected":false},"author":3,"featured_media":35831,"parent":35829,"menu_order":1,"comment_status":"closed","ping_status":"closed","template":"entrada-prensa.php","meta":[],"_links":{"self":[{"href":"https:\/\/www.cne.cl\/en\/wp-json\/wp\/v2\/pages\/35826"}],"collection":[{"href":"https:\/\/www.cne.cl\/en\/wp-json\/wp\/v2\/pages"}],"about":[{"href":"https:\/\/www.cne.cl\/en\/wp-json\/wp\/v2\/types\/page"}],"author":[{"embeddable":true,"href":"https:\/\/www.cne.cl\/en\/wp-json\/wp\/v2\/users\/3"}],"replies":[{"embeddable":true,"href":"https:\/\/www.cne.cl\/en\/wp-json\/wp\/v2\/comments?post=35826"}],"version-history":[{"count":4,"href":"https:\/\/www.cne.cl\/en\/wp-json\/wp\/v2\/pages\/35826\/revisions"}],"predecessor-version":[{"id":36548,"href":"https:\/\/www.cne.cl\/en\/wp-json\/wp\/v2\/pages\/35826\/revisions\/36548"}],"up":[{"embeddable":true,"href":"https:\/\/www.cne.cl\/en\/wp-json\/wp\/v2\/pages\/35829"}],"wp:featuredmedia":[{"embeddable":true,"href":"https:\/\/www.cne.cl\/en\/wp-json\/wp\/v2\/media\/35831"}],"wp:attachment":[{"href":"https:\/\/www.cne.cl\/en\/wp-json\/wp\/v2\/media?parent=35826"}],"curies":[{"name":"wp","href":"https:\/\/api.w.org\/{rel}","templated":true}]}}