

{"id":3566,"date":"2015-07-16T11:46:42","date_gmt":"2015-07-16T14:46:42","guid":{"rendered":"http:\/\/cne.bluelab.cl\/?page_id=3566"},"modified":"2021-07-05T13:58:14","modified_gmt":"2021-07-05T17:58:14","slug":"abril-2005","status":"publish","type":"page","link":"https:\/\/www.cne.cl\/en\/tarificacion\/electrica\/precio-nudo-corto-plazo\/abril-2005\/","title":{"rendered":"Abril 2005"},"content":{"rendered":"<p>Precio de Nudo, Abril del 2005<\/p>\n<p>Informes T\u00e9cnicos Definitivos de Precios de Nudo correspondiente a la fijaci\u00f3n de Abril del 2005 para los siguientes sistemas el\u00e9ctricos:<\/p>\n","protected":false},"excerpt":{"rendered":"<p>Precio de Nudo, Abril del 2005 Informes T\u00e9cnicos Definitivos de Precios de Nudo correspondiente a la fijaci\u00f3n de Abril del 2005 para los siguientes sistemas el\u00e9ctricos:<\/p>\n","protected":false},"author":1,"featured_media":0,"parent":193,"menu_order":37,"comment_status":"closed","ping_status":"closed","template":"tpl-tarificacion-e-pncp.php","meta":[],"_links":{"self":[{"href":"https:\/\/www.cne.cl\/en\/wp-json\/wp\/v2\/pages\/3566"}],"collection":[{"href":"https:\/\/www.cne.cl\/en\/wp-json\/wp\/v2\/pages"}],"about":[{"href":"https:\/\/www.cne.cl\/en\/wp-json\/wp\/v2\/types\/page"}],"author":[{"embeddable":true,"href":"https:\/\/www.cne.cl\/en\/wp-json\/wp\/v2\/users\/1"}],"replies":[{"embeddable":true,"href":"https:\/\/www.cne.cl\/en\/wp-json\/wp\/v2\/comments?post=3566"}],"version-history":[{"count":7,"href":"https:\/\/www.cne.cl\/en\/wp-json\/wp\/v2\/pages\/3566\/revisions"}],"predecessor-version":[{"id":39531,"href":"https:\/\/www.cne.cl\/en\/wp-json\/wp\/v2\/pages\/3566\/revisions\/39531"}],"up":[{"embeddable":true,"href":"https:\/\/www.cne.cl\/en\/wp-json\/wp\/v2\/pages\/193"}],"wp:attachment":[{"href":"https:\/\/www.cne.cl\/en\/wp-json\/wp\/v2\/media?parent=3566"}],"curies":[{"name":"wp","href":"https:\/\/api.w.org\/{rel}","templated":true}]}}