

{"id":35,"date":"2015-05-24T21:47:20","date_gmt":"2015-05-24T21:47:20","guid":{"rendered":"http:\/\/localhost:8888\/wp-cne\/?page_id=35"},"modified":"2015-06-25T13:52:05","modified_gmt":"2015-06-25T16:52:05","slug":"mecanismo-de-estabilizacion-de-precios-de-los-combustibles-mepco","status":"publish","type":"page","link":"https:\/\/www.cne.cl\/en\/tarificacion\/hidrocarburos\/mecanismo-de-estabilizacion-de-precios-de-los-combustibles-mepco\/","title":{"rendered":"MEPCO"},"content":{"rendered":"<h3>Mecanismo De Estabilizaci\u00f3n De Precios De Los Combustibles<\/h3>\n<p>El MEPCO fue creado por la Ley N\u00ba 20.765 publicada el 9 de julio de 2014, con la finalidad de establecer un mecanismo de estabilizaci\u00f3n de los precios de venta internos de los combustibles incluidos en la Ley N\u00b0 18.502. Este mecanismo opera a trav\u00e9s de incrementos y rebajas a los impuestos espec\u00edficos a los combustibles establecidos en la ley N\u00ba 18.502, los que se modificar\u00e1n sumando al componente base establecido en esa ley\u00a0 un componente variable (que puede ser positivo o negativo) determinado para cada uno de los combustibles gasolina automotriz, petr\u00f3leo di\u00e9sel, gas natural comprimido y gas licuado de petr\u00f3leo.<br \/>\nMEPCO establece la determinaci\u00f3n de la componente variable en dos etapas, una de las cuales implica la comparaci\u00f3n entre precio de paridad y una banda de precios de referencia, todos definidos en moneda nacional; la segunda etapa se encuentra a cargo del Ministerio de Hacienda. La metodolog\u00eda de c\u00e1lculo utilizada en ambos casos se enuncia en la Ley y el reglamento (DS N\u00b0 1.119 \u2013 publicado en el diario oficial el 1\/08\/14).<\/p>\n<p>Principales CARACTER\u00cdSTICAS de LA LEY MEPCO:<\/p>\n<ul>\n<li>Se aplica solamente a cuatro combustibles: gasolina automotriz, petr\u00f3leo diesel, gas licuado de petr\u00f3leo de uso vehicular y gas natural comprimido de uso vehicular.<\/li>\n<li>Opera rebajando o sumando una componente variable al impuesto espec\u00edfico de la Ley N\u00b0 18.502.<\/li>\n<li>La componente variable se determina en 2 etapas.<\/li>\n<\/ul>\n<p><strong>MEPCO Ley N\u00ba 20.765 (publicada en D.O. el 9 de julio de 2014)<\/strong><br \/>\nProductos: -Gasolina automotriz -Petr\u00f3leo diesel -Gas licuado de petr\u00f3leo de uso vehicular -Gas natural comprimido)<br \/>\nBanda de precio de referencia: \u00b1 5% sobre el precio de referencia Intermedio.<br \/>\nPrecio de Paridad: Cada uno de los productos es observado semanalmente en un mercado relevante o en dos mercados relevantes, determin\u00e1ndose la paridad respectiva. Los mercados observables son los de: Costa del Golfo de EE.UU, o el promedio de dos mercados relevantes.<br \/>\nPara el Precio de Referencia se debe considerar el petr\u00f3leo crudo representativo de un mercado relevante\u00a0 (la CNE considera como crudo relevante al petr\u00f3leo crudo Brent puesto en la Costa del Golfo de EE.UU.), m\u00e1s un Diferencial de Refinaci\u00f3n para cada producto.<br \/>\nLos precios de paridad y precios de referencia se determinan en pesos por metro c\u00fabico.<br \/>\n<strong>Fuente<\/strong>: Comisi\u00f3n Nacional de Energ\u00eda (CNE)<\/p>\n<p>1 Brent Pertenece a los llamados &#8220;crudos marcadores&#8221; porque sirven de referencia para transacciones realizadas con otros crudos. El Brent\u00a0 se extrae desde la regi\u00f3n del Mar del Norte. Originalmente el crudo Brent se trans\u00f3 en el International Petroleum Exchange de London y a partir\u00a0 de 2005 en el Intercontinental Exchange, m\u00e1s conocido como ICE.<\/p>\n<p><strong>INFORMES MEPCO:<\/strong><\/p>\n","protected":false},"excerpt":{"rendered":"<p>Mecanismo De Estabilizaci\u00f3n De Precios De Los Combustibles El MEPCO fue creado por la Ley N\u00ba 20.765 publicada el 9 de julio de 2014, con la finalidad de establecer un mecanismo de estabilizaci\u00f3n de los precios de venta internos de los combustibles incluidos en la Ley N\u00b0 18.502. Este mecanismo opera a trav\u00e9s de incrementos [&hellip;]<\/p>\n","protected":false},"author":1,"featured_media":0,"parent":33,"menu_order":0,"comment_status":"closed","ping_status":"open","template":"tpl-tarificacion-hidrocarburos.php","meta":[],"_links":{"self":[{"href":"https:\/\/www.cne.cl\/en\/wp-json\/wp\/v2\/pages\/35"}],"collection":[{"href":"https:\/\/www.cne.cl\/en\/wp-json\/wp\/v2\/pages"}],"about":[{"href":"https:\/\/www.cne.cl\/en\/wp-json\/wp\/v2\/types\/page"}],"author":[{"embeddable":true,"href":"https:\/\/www.cne.cl\/en\/wp-json\/wp\/v2\/users\/1"}],"replies":[{"embeddable":true,"href":"https:\/\/www.cne.cl\/en\/wp-json\/wp\/v2\/comments?post=35"}],"version-history":[{"count":5,"href":"https:\/\/www.cne.cl\/en\/wp-json\/wp\/v2\/pages\/35\/revisions"}],"predecessor-version":[{"id":4505,"href":"https:\/\/www.cne.cl\/en\/wp-json\/wp\/v2\/pages\/35\/revisions\/4505"}],"up":[{"embeddable":true,"href":"https:\/\/www.cne.cl\/en\/wp-json\/wp\/v2\/pages\/33"}],"wp:attachment":[{"href":"https:\/\/www.cne.cl\/en\/wp-json\/wp\/v2\/media?parent=35"}],"curies":[{"name":"wp","href":"https:\/\/api.w.org\/{rel}","templated":true}]}}