

{"id":34306,"date":"2021-01-13T18:25:28","date_gmt":"2021-01-13T21:25:28","guid":{"rendered":"http:\/\/www.cne.cl\/?page_id=34306"},"modified":"2021-02-25T17:00:58","modified_gmt":"2021-02-25T20:00:58","slug":"cne-firma-acuerdo-interinstitucional-con-la-comision-de-regulacion-de-energia-y-gas-de-colombia-creg","status":"publish","type":"page","link":"https:\/\/www.cne.cl\/en\/prensa\/prensa-2021\/01-enero-2021\/cne-firma-acuerdo-interinstitucional-con-la-comision-de-regulacion-de-energia-y-gas-de-colombia-creg\/","title":{"rendered":"(Espa\u00f1ol) CNE firma acuerdo interinstitucional con la Comisi\u00f3n de Regulaci\u00f3n de Energ\u00eda y Gas de Colombia (CREG)"},"content":{"rendered":"<p class=\"qtranxs-available-languages-message qtranxs-available-languages-message-en\">Sorry, this entry is only available in <a href=\"https:\/\/www.cne.cl\/es\/wp-json\/wp\/v2\/pages\/34306\" class=\"qtranxs-available-language-link qtranxs-available-language-link-es\" title=\"Espa\u00f1ol\">European Spanish<\/a>.<\/p>","protected":false},"excerpt":{"rendered":"<p>Sorry, this entry is only available in European Spanish.<\/p>\n","protected":false},"author":3,"featured_media":34307,"parent":34000,"menu_order":0,"comment_status":"closed","ping_status":"closed","template":"entrada-prensa.php","meta":[],"_links":{"self":[{"href":"https:\/\/www.cne.cl\/en\/wp-json\/wp\/v2\/pages\/34306"}],"collection":[{"href":"https:\/\/www.cne.cl\/en\/wp-json\/wp\/v2\/pages"}],"about":[{"href":"https:\/\/www.cne.cl\/en\/wp-json\/wp\/v2\/types\/page"}],"author":[{"embeddable":true,"href":"https:\/\/www.cne.cl\/en\/wp-json\/wp\/v2\/users\/3"}],"replies":[{"embeddable":true,"href":"https:\/\/www.cne.cl\/en\/wp-json\/wp\/v2\/comments?post=34306"}],"version-history":[{"count":3,"href":"https:\/\/www.cne.cl\/en\/wp-json\/wp\/v2\/pages\/34306\/revisions"}],"predecessor-version":[{"id":34859,"href":"https:\/\/www.cne.cl\/en\/wp-json\/wp\/v2\/pages\/34306\/revisions\/34859"}],"up":[{"embeddable":true,"href":"https:\/\/www.cne.cl\/en\/wp-json\/wp\/v2\/pages\/34000"}],"wp:featuredmedia":[{"embeddable":true,"href":"https:\/\/www.cne.cl\/en\/wp-json\/wp\/v2\/media\/34307"}],"wp:attachment":[{"href":"https:\/\/www.cne.cl\/en\/wp-json\/wp\/v2\/media?parent=34306"}],"curies":[{"name":"wp","href":"https:\/\/api.w.org\/{rel}","templated":true}]}}