

{"id":33747,"date":"2020-12-23T17:19:54","date_gmt":"2020-12-23T20:19:54","guid":{"rendered":"http:\/\/www.cne.cl\/prensa\/prensa-2020\/22-diciembre\/cne-publica-bases-definitivas-de-proxima-licitacion-de-suministro-electrico\/"},"modified":"2021-04-01T16:45:28","modified_gmt":"2021-04-01T19:45:28","slug":"cne-publica-bases-definitivas-de-proxima-licitacion-de-suministro-electrico","status":"publish","type":"page","link":"https:\/\/www.cne.cl\/en\/prensa\/prensa-2020\/22-diciembre\/cne-publica-bases-definitivas-de-proxima-licitacion-de-suministro-electrico\/","title":{"rendered":"CNE publica Bases Definitivas de pr\u00f3xima Licitaci\u00f3n de Suministro El\u00e9ctrico"},"content":{"rendered":"<p class=\"qtranxs-available-languages-message qtranxs-available-languages-message-en\">Sorry, this entry is only available in <a href=\"https:\/\/www.cne.cl\/es\/wp-json\/wp\/v2\/pages\/33747\" class=\"qtranxs-available-language-link qtranxs-available-language-link-es\" title=\"Espa\u00f1ol\">European Spanish<\/a>.<\/p>","protected":false},"excerpt":{"rendered":"<p>Sorry, this entry is only available in European Spanish.<\/p>\n","protected":false},"author":3,"featured_media":29941,"parent":33697,"menu_order":2,"comment_status":"closed","ping_status":"closed","template":"entrada-prensa.php","meta":[],"_links":{"self":[{"href":"https:\/\/www.cne.cl\/en\/wp-json\/wp\/v2\/pages\/33747"}],"collection":[{"href":"https:\/\/www.cne.cl\/en\/wp-json\/wp\/v2\/pages"}],"about":[{"href":"https:\/\/www.cne.cl\/en\/wp-json\/wp\/v2\/types\/page"}],"author":[{"embeddable":true,"href":"https:\/\/www.cne.cl\/en\/wp-json\/wp\/v2\/users\/3"}],"replies":[{"embeddable":true,"href":"https:\/\/www.cne.cl\/en\/wp-json\/wp\/v2\/comments?post=33747"}],"version-history":[{"count":7,"href":"https:\/\/www.cne.cl\/en\/wp-json\/wp\/v2\/pages\/33747\/revisions"}],"predecessor-version":[{"id":36785,"href":"https:\/\/www.cne.cl\/en\/wp-json\/wp\/v2\/pages\/33747\/revisions\/36785"}],"up":[{"embeddable":true,"href":"https:\/\/www.cne.cl\/en\/wp-json\/wp\/v2\/pages\/33697"}],"wp:featuredmedia":[{"embeddable":true,"href":"https:\/\/www.cne.cl\/en\/wp-json\/wp\/v2\/media\/29941"}],"wp:attachment":[{"href":"https:\/\/www.cne.cl\/en\/wp-json\/wp\/v2\/media?parent=33747"}],"curies":[{"name":"wp","href":"https:\/\/api.w.org\/{rel}","templated":true}]}}