

{"id":33351,"date":"2020-12-10T13:48:50","date_gmt":"2020-12-10T16:48:50","guid":{"rendered":"http:\/\/www.cne.cl\/?page_id=33351"},"modified":"2023-11-02T12:19:16","modified_gmt":"2023-11-02T15:19:16","slug":"aprobacion-de-cambio-en-hitos-de-proyectos-nuevos","status":"publish","type":"page","link":"https:\/\/www.cne.cl\/en\/nuestros-servicios\/tramites-disponibles\/aprobacion-de-cambio-en-hitos-de-proyectos-nuevos\/","title":{"rendered":"(Espa\u00f1ol) Aprobaci\u00f3n de Cambio en Hitos de Proyectos Nuevos de Generaci\u00f3n de los Contratos de Suministro para Clientes Regulados"},"content":{"rendered":"<p class=\"qtranxs-available-languages-message qtranxs-available-languages-message-en\">Sorry, this entry is only available in <a href=\"https:\/\/www.cne.cl\/es\/wp-json\/wp\/v2\/pages\/33351\" class=\"qtranxs-available-language-link qtranxs-available-language-link-es\" title=\"Espa\u00f1ol\">European Spanish<\/a>.<\/p>","protected":false},"excerpt":{"rendered":"<p>Sorry, this entry is only available in European Spanish.<\/p>\n","protected":false},"author":3,"featured_media":0,"parent":32484,"menu_order":6,"comment_status":"closed","ping_status":"closed","template":"","meta":[],"_links":{"self":[{"href":"https:\/\/www.cne.cl\/en\/wp-json\/wp\/v2\/pages\/33351"}],"collection":[{"href":"https:\/\/www.cne.cl\/en\/wp-json\/wp\/v2\/pages"}],"about":[{"href":"https:\/\/www.cne.cl\/en\/wp-json\/wp\/v2\/types\/page"}],"author":[{"embeddable":true,"href":"https:\/\/www.cne.cl\/en\/wp-json\/wp\/v2\/users\/3"}],"replies":[{"embeddable":true,"href":"https:\/\/www.cne.cl\/en\/wp-json\/wp\/v2\/comments?post=33351"}],"version-history":[{"count":9,"href":"https:\/\/www.cne.cl\/en\/wp-json\/wp\/v2\/pages\/33351\/revisions"}],"predecessor-version":[{"id":49998,"href":"https:\/\/www.cne.cl\/en\/wp-json\/wp\/v2\/pages\/33351\/revisions\/49998"}],"up":[{"embeddable":true,"href":"https:\/\/www.cne.cl\/en\/wp-json\/wp\/v2\/pages\/32484"}],"wp:attachment":[{"href":"https:\/\/www.cne.cl\/en\/wp-json\/wp\/v2\/media?parent=33351"}],"curies":[{"name":"wp","href":"https:\/\/api.w.org\/{rel}","templated":true}]}}