

{"id":33322,"date":"2020-12-10T13:41:44","date_gmt":"2020-12-10T16:41:44","guid":{"rendered":"http:\/\/www.cne.cl\/?page_id=33322"},"modified":"2021-12-03T17:36:01","modified_gmt":"2021-12-03T20:36:01","slug":"solicitud-de-inscripcion-en-el-registro-publico-de-consultores","status":"publish","type":"page","link":"https:\/\/www.cne.cl\/en\/nuestros-servicios\/tramites-disponibles\/solicitud-de-inscripcion-en-el-registro-publico-de-consultores\/","title":{"rendered":"(Espa\u00f1ol) Solicitud de Inscripci\u00f3n en el Registro P\u00fablico de Consultores a que se refiere el art\u00edculo 135\u00b0 ter de la Ley General de Servicios El\u00e9ctricos"},"content":{"rendered":"<p class=\"qtranxs-available-languages-message qtranxs-available-languages-message-en\">Sorry, this entry is only available in <a href=\"https:\/\/www.cne.cl\/es\/wp-json\/wp\/v2\/pages\/33322\" class=\"qtranxs-available-language-link qtranxs-available-language-link-es\" title=\"Espa\u00f1ol\">European Spanish<\/a>.<\/p>","protected":false},"excerpt":{"rendered":"<p>Sorry, this entry is only available in European Spanish.<\/p>\n","protected":false},"author":3,"featured_media":0,"parent":32484,"menu_order":5,"comment_status":"closed","ping_status":"closed","template":"","meta":[],"_links":{"self":[{"href":"https:\/\/www.cne.cl\/en\/wp-json\/wp\/v2\/pages\/33322"}],"collection":[{"href":"https:\/\/www.cne.cl\/en\/wp-json\/wp\/v2\/pages"}],"about":[{"href":"https:\/\/www.cne.cl\/en\/wp-json\/wp\/v2\/types\/page"}],"author":[{"embeddable":true,"href":"https:\/\/www.cne.cl\/en\/wp-json\/wp\/v2\/users\/3"}],"replies":[{"embeddable":true,"href":"https:\/\/www.cne.cl\/en\/wp-json\/wp\/v2\/comments?post=33322"}],"version-history":[{"count":8,"href":"https:\/\/www.cne.cl\/en\/wp-json\/wp\/v2\/pages\/33322\/revisions"}],"predecessor-version":[{"id":42117,"href":"https:\/\/www.cne.cl\/en\/wp-json\/wp\/v2\/pages\/33322\/revisions\/42117"}],"up":[{"embeddable":true,"href":"https:\/\/www.cne.cl\/en\/wp-json\/wp\/v2\/pages\/32484"}],"wp:attachment":[{"href":"https:\/\/www.cne.cl\/en\/wp-json\/wp\/v2\/media?parent=33322"}],"curies":[{"name":"wp","href":"https:\/\/api.w.org\/{rel}","templated":true}]}}