

{"id":33287,"date":"2025-01-21T08:00:43","date_gmt":"2025-01-21T11:00:43","guid":{"rendered":"http:\/\/www.cne.cl\/?page_id=33287"},"modified":"2025-12-31T10:12:44","modified_gmt":"2025-12-31T13:12:44","slug":"solicitud-de-retiro","status":"publish","type":"page","link":"https:\/\/www.cne.cl\/en\/nuestros-servicios\/tramites-disponibles\/solicitud-de-retiro\/","title":{"rendered":"(Espa\u00f1ol) Solicitud de retiro, modificaci\u00f3n relevante, desconexi\u00f3n o cese de operaciones de instalaciones de generaci\u00f3n y\/o transmisi\u00f3n"},"content":{"rendered":"<p class=\"qtranxs-available-languages-message qtranxs-available-languages-message-en\">Sorry, this entry is only available in <a href=\"https:\/\/www.cne.cl\/es\/wp-json\/wp\/v2\/pages\/33287\" class=\"qtranxs-available-language-link qtranxs-available-language-link-es\" title=\"Espa\u00f1ol\">European Spanish<\/a>.<\/p>","protected":false},"excerpt":{"rendered":"<p>Sorry, this entry is only available in European Spanish.<\/p>\n","protected":false},"author":3,"featured_media":0,"parent":32484,"menu_order":4,"comment_status":"closed","ping_status":"closed","template":"","meta":[],"_links":{"self":[{"href":"https:\/\/www.cne.cl\/en\/wp-json\/wp\/v2\/pages\/33287"}],"collection":[{"href":"https:\/\/www.cne.cl\/en\/wp-json\/wp\/v2\/pages"}],"about":[{"href":"https:\/\/www.cne.cl\/en\/wp-json\/wp\/v2\/types\/page"}],"author":[{"embeddable":true,"href":"https:\/\/www.cne.cl\/en\/wp-json\/wp\/v2\/users\/3"}],"replies":[{"embeddable":true,"href":"https:\/\/www.cne.cl\/en\/wp-json\/wp\/v2\/comments?post=33287"}],"version-history":[{"count":55,"href":"https:\/\/www.cne.cl\/en\/wp-json\/wp\/v2\/pages\/33287\/revisions"}],"predecessor-version":[{"id":58404,"href":"https:\/\/www.cne.cl\/en\/wp-json\/wp\/v2\/pages\/33287\/revisions\/58404"}],"up":[{"embeddable":true,"href":"https:\/\/www.cne.cl\/en\/wp-json\/wp\/v2\/pages\/32484"}],"wp:attachment":[{"href":"https:\/\/www.cne.cl\/en\/wp-json\/wp\/v2\/media?parent=33287"}],"curies":[{"name":"wp","href":"https:\/\/api.w.org\/{rel}","templated":true}]}}