

{"id":33087,"date":"2020-12-10T12:45:08","date_gmt":"2020-12-10T15:45:08","guid":{"rendered":"http:\/\/www.cne.cl\/?page_id=33087"},"modified":"2021-12-03T10:16:55","modified_gmt":"2021-12-03T13:16:55","slug":"manifestacion-de-interes-para-comites-consultivos-especiales","status":"publish","type":"page","link":"https:\/\/www.cne.cl\/en\/nuestros-servicios\/tramites-disponibles\/manifestacion-de-interes-para-comites-consultivos-especiales\/","title":{"rendered":"(Espa\u00f1ol) Manifestaci\u00f3n de Inter\u00e9s para Comit\u00e9s Consultivos Especiales"},"content":{"rendered":"<p class=\"qtranxs-available-languages-message qtranxs-available-languages-message-en\">Sorry, this entry is only available in <a href=\"https:\/\/www.cne.cl\/es\/wp-json\/wp\/v2\/pages\/33087\" class=\"qtranxs-available-language-link qtranxs-available-language-link-es\" title=\"Espa\u00f1ol\">European Spanish<\/a>.<\/p>","protected":false},"excerpt":{"rendered":"<p>Sorry, this entry is only available in European Spanish.<\/p>\n","protected":false},"author":3,"featured_media":0,"parent":32484,"menu_order":1,"comment_status":"closed","ping_status":"closed","template":"","meta":[],"_links":{"self":[{"href":"https:\/\/www.cne.cl\/en\/wp-json\/wp\/v2\/pages\/33087"}],"collection":[{"href":"https:\/\/www.cne.cl\/en\/wp-json\/wp\/v2\/pages"}],"about":[{"href":"https:\/\/www.cne.cl\/en\/wp-json\/wp\/v2\/types\/page"}],"author":[{"embeddable":true,"href":"https:\/\/www.cne.cl\/en\/wp-json\/wp\/v2\/users\/3"}],"replies":[{"embeddable":true,"href":"https:\/\/www.cne.cl\/en\/wp-json\/wp\/v2\/comments?post=33087"}],"version-history":[{"count":41,"href":"https:\/\/www.cne.cl\/en\/wp-json\/wp\/v2\/pages\/33087\/revisions"}],"predecessor-version":[{"id":42072,"href":"https:\/\/www.cne.cl\/en\/wp-json\/wp\/v2\/pages\/33087\/revisions\/42072"}],"up":[{"embeddable":true,"href":"https:\/\/www.cne.cl\/en\/wp-json\/wp\/v2\/pages\/32484"}],"wp:attachment":[{"href":"https:\/\/www.cne.cl\/en\/wp-json\/wp\/v2\/media?parent=33087"}],"curies":[{"name":"wp","href":"https:\/\/api.w.org\/{rel}","templated":true}]}}