

{"id":32423,"date":"2020-11-19T09:35:54","date_gmt":"2020-11-19T12:35:54","guid":{"rendered":"http:\/\/www.cne.cl\/?page_id=32423"},"modified":"2020-12-22T15:32:21","modified_gmt":"2020-12-22T18:32:21","slug":"comision-nacional-de-energia-inicia-proceso-de-postulacion-a-practicas-profesionales","status":"publish","type":"page","link":"https:\/\/www.cne.cl\/en\/prensa\/prensa-2020\/noviembre-11\/comision-nacional-de-energia-inicia-proceso-de-postulacion-a-practicas-profesionales\/","title":{"rendered":"(Espa\u00f1ol) Comisi\u00f3n Nacional de Energ\u00eda inicia proceso de postulaci\u00f3n a pr\u00e1cticas profesionales"},"content":{"rendered":"<p class=\"qtranxs-available-languages-message qtranxs-available-languages-message-en\">Sorry, this entry is only available in <a href=\"https:\/\/www.cne.cl\/es\/wp-json\/wp\/v2\/pages\/32423\" class=\"qtranxs-available-language-link qtranxs-available-language-link-es\" title=\"Espa\u00f1ol\">European Spanish<\/a>.<\/p>","protected":false},"excerpt":{"rendered":"<p>Sorry, this entry is only available in European Spanish.<\/p>\n","protected":false},"author":3,"featured_media":0,"parent":31895,"menu_order":3,"comment_status":"closed","ping_status":"closed","template":"entrada-prensa.php","meta":[],"_links":{"self":[{"href":"https:\/\/www.cne.cl\/en\/wp-json\/wp\/v2\/pages\/32423"}],"collection":[{"href":"https:\/\/www.cne.cl\/en\/wp-json\/wp\/v2\/pages"}],"about":[{"href":"https:\/\/www.cne.cl\/en\/wp-json\/wp\/v2\/types\/page"}],"author":[{"embeddable":true,"href":"https:\/\/www.cne.cl\/en\/wp-json\/wp\/v2\/users\/3"}],"replies":[{"embeddable":true,"href":"https:\/\/www.cne.cl\/en\/wp-json\/wp\/v2\/comments?post=32423"}],"version-history":[{"count":4,"href":"https:\/\/www.cne.cl\/en\/wp-json\/wp\/v2\/pages\/32423\/revisions"}],"predecessor-version":[{"id":33736,"href":"https:\/\/www.cne.cl\/en\/wp-json\/wp\/v2\/pages\/32423\/revisions\/33736"}],"up":[{"embeddable":true,"href":"https:\/\/www.cne.cl\/en\/wp-json\/wp\/v2\/pages\/31895"}],"wp:attachment":[{"href":"https:\/\/www.cne.cl\/en\/wp-json\/wp\/v2\/media?parent=32423"}],"curies":[{"name":"wp","href":"https:\/\/api.w.org\/{rel}","templated":true}]}}