

{"id":31938,"date":"2020-11-18T17:22:12","date_gmt":"2020-11-18T20:22:12","guid":{"rendered":"http:\/\/www.cne.cl\/?page_id=31938"},"modified":"2021-01-07T10:52:58","modified_gmt":"2021-01-07T13:52:58","slug":"cne-centro-de-energia-y-coordinador-electrico-implementaran-monitoreo-con-inteligencia-artificial-del-sistema-electrico-nacional","status":"publish","type":"page","link":"https:\/\/www.cne.cl\/en\/prensa\/prensa-2020\/noviembre-11\/cne-centro-de-energia-y-coordinador-electrico-implementaran-monitoreo-con-inteligencia-artificial-del-sistema-electrico-nacional\/","title":{"rendered":"(Espa\u00f1ol) CNE, Centro de Energ\u00eda y Coordinador El\u00e9ctrico implementar\u00e1n monitoreo con inteligencia artificial del Sistema El\u00e9ctrico Nacional"},"content":{"rendered":"<p class=\"qtranxs-available-languages-message qtranxs-available-languages-message-en\">Sorry, this entry is only available in <a href=\"https:\/\/www.cne.cl\/es\/wp-json\/wp\/v2\/pages\/31938\" class=\"qtranxs-available-language-link qtranxs-available-language-link-es\" title=\"Espa\u00f1ol\">European Spanish<\/a>.<\/p>","protected":false},"excerpt":{"rendered":"<p>Sorry, this entry is only available in European Spanish.<\/p>\n","protected":false},"author":3,"featured_media":31939,"parent":31895,"menu_order":1,"comment_status":"closed","ping_status":"closed","template":"entrada-prensa.php","meta":[],"_links":{"self":[{"href":"https:\/\/www.cne.cl\/en\/wp-json\/wp\/v2\/pages\/31938"}],"collection":[{"href":"https:\/\/www.cne.cl\/en\/wp-json\/wp\/v2\/pages"}],"about":[{"href":"https:\/\/www.cne.cl\/en\/wp-json\/wp\/v2\/types\/page"}],"author":[{"embeddable":true,"href":"https:\/\/www.cne.cl\/en\/wp-json\/wp\/v2\/users\/3"}],"replies":[{"embeddable":true,"href":"https:\/\/www.cne.cl\/en\/wp-json\/wp\/v2\/comments?post=31938"}],"version-history":[{"count":4,"href":"https:\/\/www.cne.cl\/en\/wp-json\/wp\/v2\/pages\/31938\/revisions"}],"predecessor-version":[{"id":34182,"href":"https:\/\/www.cne.cl\/en\/wp-json\/wp\/v2\/pages\/31938\/revisions\/34182"}],"up":[{"embeddable":true,"href":"https:\/\/www.cne.cl\/en\/wp-json\/wp\/v2\/pages\/31895"}],"wp:featuredmedia":[{"embeddable":true,"href":"https:\/\/www.cne.cl\/en\/wp-json\/wp\/v2\/media\/31939"}],"wp:attachment":[{"href":"https:\/\/www.cne.cl\/en\/wp-json\/wp\/v2\/media?parent=31938"}],"curies":[{"name":"wp","href":"https:\/\/api.w.org\/{rel}","templated":true}]}}