

{"id":29845,"date":"2020-08-10T17:46:26","date_gmt":"2020-08-10T21:46:26","guid":{"rendered":"http:\/\/www.cne.cl\/?page_id=29845"},"modified":"2020-09-04T17:53:09","modified_gmt":"2020-09-04T21:53:09","slug":"gobierno-lanzo-descuento-en-tarifa-electrica-para-calefaccion-en-10-comunas","status":"publish","type":"page","link":"https:\/\/www.cne.cl\/en\/prensa\/prensa-2020\/08-agosto\/gobierno-lanzo-descuento-en-tarifa-electrica-para-calefaccion-en-10-comunas\/","title":{"rendered":"(Espa\u00f1ol) Gobierno lanz\u00f3 descuento en tarifa el\u00e9ctrica para calefacci\u00f3n en 10 comunas"},"content":{"rendered":"<p class=\"qtranxs-available-languages-message qtranxs-available-languages-message-en\">Sorry, this entry is only available in <a href=\"https:\/\/www.cne.cl\/es\/wp-json\/wp\/v2\/pages\/29845\" class=\"qtranxs-available-language-link qtranxs-available-language-link-es\" title=\"Espa\u00f1ol\">European Spanish<\/a>.<\/p>","protected":false},"excerpt":{"rendered":"<p>Sorry, this entry is only available in European Spanish.<\/p>\n","protected":false},"author":3,"featured_media":29846,"parent":29848,"menu_order":2,"comment_status":"closed","ping_status":"closed","template":"entrada-prensa.php","meta":[],"_links":{"self":[{"href":"https:\/\/www.cne.cl\/en\/wp-json\/wp\/v2\/pages\/29845"}],"collection":[{"href":"https:\/\/www.cne.cl\/en\/wp-json\/wp\/v2\/pages"}],"about":[{"href":"https:\/\/www.cne.cl\/en\/wp-json\/wp\/v2\/types\/page"}],"author":[{"embeddable":true,"href":"https:\/\/www.cne.cl\/en\/wp-json\/wp\/v2\/users\/3"}],"replies":[{"embeddable":true,"href":"https:\/\/www.cne.cl\/en\/wp-json\/wp\/v2\/comments?post=29845"}],"version-history":[{"count":6,"href":"https:\/\/www.cne.cl\/en\/wp-json\/wp\/v2\/pages\/29845\/revisions"}],"predecessor-version":[{"id":30501,"href":"https:\/\/www.cne.cl\/en\/wp-json\/wp\/v2\/pages\/29845\/revisions\/30501"}],"up":[{"embeddable":true,"href":"https:\/\/www.cne.cl\/en\/wp-json\/wp\/v2\/pages\/29848"}],"wp:featuredmedia":[{"embeddable":true,"href":"https:\/\/www.cne.cl\/en\/wp-json\/wp\/v2\/media\/29846"}],"wp:attachment":[{"href":"https:\/\/www.cne.cl\/en\/wp-json\/wp\/v2\/media?parent=29845"}],"curies":[{"name":"wp","href":"https:\/\/api.w.org\/{rel}","templated":true}]}}