

{"id":29632,"date":"2020-07-31T17:04:17","date_gmt":"2020-07-31T21:04:17","guid":{"rendered":"http:\/\/www.cne.cl\/?page_id=29632"},"modified":"2020-08-19T11:16:23","modified_gmt":"2020-08-19T15:16:23","slug":"ministerio-de-energia-elimina-medicion-de-horas-de-punta-en-agosto-y-septiembre","status":"publish","type":"page","link":"https:\/\/www.cne.cl\/en\/prensa\/prensa-2020\/07-julio\/ministerio-de-energia-elimina-medicion-de-horas-de-punta-en-agosto-y-septiembre\/","title":{"rendered":"(Espa\u00f1ol) Ministerio de Energ\u00eda elimina medici\u00f3n de \u201choras de punta\u201d en agosto y septiembre"},"content":{"rendered":"<p class=\"qtranxs-available-languages-message qtranxs-available-languages-message-en\">Sorry, this entry is only available in <a href=\"https:\/\/www.cne.cl\/es\/wp-json\/wp\/v2\/pages\/29632\" class=\"qtranxs-available-language-link qtranxs-available-language-link-es\" title=\"Espa\u00f1ol\">European Spanish<\/a>.<\/p>","protected":false},"excerpt":{"rendered":"<p>Sorry, this entry is only available in European Spanish.<\/p>\n","protected":false},"author":3,"featured_media":29633,"parent":29244,"menu_order":3,"comment_status":"closed","ping_status":"closed","template":"entrada-prensa.php","meta":[],"_links":{"self":[{"href":"https:\/\/www.cne.cl\/en\/wp-json\/wp\/v2\/pages\/29632"}],"collection":[{"href":"https:\/\/www.cne.cl\/en\/wp-json\/wp\/v2\/pages"}],"about":[{"href":"https:\/\/www.cne.cl\/en\/wp-json\/wp\/v2\/types\/page"}],"author":[{"embeddable":true,"href":"https:\/\/www.cne.cl\/en\/wp-json\/wp\/v2\/users\/3"}],"replies":[{"embeddable":true,"href":"https:\/\/www.cne.cl\/en\/wp-json\/wp\/v2\/comments?post=29632"}],"version-history":[{"count":3,"href":"https:\/\/www.cne.cl\/en\/wp-json\/wp\/v2\/pages\/29632\/revisions"}],"predecessor-version":[{"id":30084,"href":"https:\/\/www.cne.cl\/en\/wp-json\/wp\/v2\/pages\/29632\/revisions\/30084"}],"up":[{"embeddable":true,"href":"https:\/\/www.cne.cl\/en\/wp-json\/wp\/v2\/pages\/29244"}],"wp:featuredmedia":[{"embeddable":true,"href":"https:\/\/www.cne.cl\/en\/wp-json\/wp\/v2\/media\/29633"}],"wp:attachment":[{"href":"https:\/\/www.cne.cl\/en\/wp-json\/wp\/v2\/media?parent=29632"}],"curies":[{"name":"wp","href":"https:\/\/api.w.org\/{rel}","templated":true}]}}