

{"id":29365,"date":"2020-07-20T13:16:35","date_gmt":"2020-07-20T17:16:35","guid":{"rendered":"http:\/\/www.cne.cl\/?page_id=29365"},"modified":"2020-08-11T17:34:41","modified_gmt":"2020-08-11T21:34:41","slug":"secretario-ejecutivo-de-cne-realizo-reunion-con-el-consejo-de-la-sociedad-civil","status":"publish","type":"page","link":"https:\/\/www.cne.cl\/en\/prensa\/prensa-2020\/07-julio\/secretario-ejecutivo-de-cne-realizo-reunion-con-el-consejo-de-la-sociedad-civil\/","title":{"rendered":"(Espa\u00f1ol) Secretario Ejecutivo de CNE realiz\u00f3 reuni\u00f3n con el Consejo de la Sociedad Civil"},"content":{"rendered":"<p class=\"qtranxs-available-languages-message qtranxs-available-languages-message-en\">Sorry, this entry is only available in <a href=\"https:\/\/www.cne.cl\/es\/wp-json\/wp\/v2\/pages\/29365\" class=\"qtranxs-available-language-link qtranxs-available-language-link-es\" title=\"Espa\u00f1ol\">European Spanish<\/a>.<\/p>","protected":false},"excerpt":{"rendered":"<p>Sorry, this entry is only available in European Spanish.<\/p>\n","protected":false},"author":3,"featured_media":29366,"parent":29244,"menu_order":2,"comment_status":"closed","ping_status":"closed","template":"entrada-prensa.php","meta":[],"_links":{"self":[{"href":"https:\/\/www.cne.cl\/en\/wp-json\/wp\/v2\/pages\/29365"}],"collection":[{"href":"https:\/\/www.cne.cl\/en\/wp-json\/wp\/v2\/pages"}],"about":[{"href":"https:\/\/www.cne.cl\/en\/wp-json\/wp\/v2\/types\/page"}],"author":[{"embeddable":true,"href":"https:\/\/www.cne.cl\/en\/wp-json\/wp\/v2\/users\/3"}],"replies":[{"embeddable":true,"href":"https:\/\/www.cne.cl\/en\/wp-json\/wp\/v2\/comments?post=29365"}],"version-history":[{"count":3,"href":"https:\/\/www.cne.cl\/en\/wp-json\/wp\/v2\/pages\/29365\/revisions"}],"predecessor-version":[{"id":29921,"href":"https:\/\/www.cne.cl\/en\/wp-json\/wp\/v2\/pages\/29365\/revisions\/29921"}],"up":[{"embeddable":true,"href":"https:\/\/www.cne.cl\/en\/wp-json\/wp\/v2\/pages\/29244"}],"wp:featuredmedia":[{"embeddable":true,"href":"https:\/\/www.cne.cl\/en\/wp-json\/wp\/v2\/media\/29366"}],"wp:attachment":[{"href":"https:\/\/www.cne.cl\/en\/wp-json\/wp\/v2\/media?parent=29365"}],"curies":[{"name":"wp","href":"https:\/\/api.w.org\/{rel}","templated":true}]}}