

{"id":2899,"date":"2015-07-14T23:05:56","date_gmt":"2015-07-15T02:05:56","guid":{"rendered":"http:\/\/cne.bluelab.cl\/?page_id=2899"},"modified":"2026-04-10T09:03:55","modified_gmt":"2026-04-10T13:03:55","slug":"opciones-tarifarias-a-usuarios-finales","status":"publish","type":"page","link":"https:\/\/www.cne.cl\/en\/tarificacion\/electrica\/valor-agregado-de-distribucion\/opciones-tarifarias-a-usuarios-finales\/","title":{"rendered":"Opciones Tarifarias a Usuarios Finales"},"content":{"rendered":"<p>Existen distintas opciones tarifar\u00edas dependiendo del tipo de consumo de los usuarios finales. Las opciones tarifar\u00edas son libremente elegidas por el cliente y su duraci\u00f3n es de un a\u00f1o, al cabo del cual el cliente puede mantenerla o cambiarla por otra, seg\u00fan sea su conveniencia.<br \/>\nEstas opciones se han estructurado considerando dos tipos de clientes:<\/p>\n<ul>\n<li>Clientes en alta tensi\u00f3n (AT), que est\u00e1n conectados con su empalme a l\u00edneas de voltaje superior a 400 volts; y<\/li>\n<li>Clientes en baja tensi\u00f3n (BT), que est\u00e1n conectados con su empalme a l\u00edneas de voltaje igual o inferior a 400 volts.<\/li>\n<\/ul>\n<p>Adem\u00e1s, las diferentes f\u00f3rmulas se han estructurado considerando alternativas respecto de la modalidad de registro del consumo (s\u00f3lo energ\u00eda, potencia m\u00e1xima le\u00edda o contratada o bien, potencia le\u00edda o contratada horariamente).<br \/>\nPara clientes de baja tensi\u00f3n, las opciones tarifar\u00edas son las siguientes:<\/p>\n<ul>\n<li>BT1Medici\u00f3n de energ\u00eda cuya potencia conectada sea inferior a 10 kW o la demanda sea limitada a 10 kW (residencial)<\/li>\n<li>BT2Medici\u00f3n de energ\u00eda y contrataci\u00f3n de potencia (comercial y alumbrado p\u00fablico)<\/li>\n<li>BT3Medici\u00f3n de energ\u00eda y medici\u00f3n de demanda m\u00e1xima<\/li>\n<li>BT4Medici\u00f3n de energ\u00eda y alguna de las siguientes modalidades<\/li>\n<li>BT4.1Contrataci\u00f3n de demanda m\u00e1xima de potencia en horas de punta y de la demanda m\u00e1xima de potencia<\/li>\n<li>BT4.2Medici\u00f3n de demanda m\u00e1xima de potencia en horas de punta y contrataci\u00f3n de la demanda m\u00e1xima de potencia<\/li>\n<li>BT4.3Medici\u00f3n de demanda m\u00e1xima de potencia en horas de punta y de la demanda m\u00e1xima de potencia suministrada<\/li>\n<\/ul>\n<p>Existen las opciones AT2, AT3, AT4.1, AT4.2, AT 4.3, que son id\u00e9nticas a las mostradas para clientes BT, pero definidas para Alta Tensi\u00f3n.El detalle de estas opciones tarifar\u00edas y sus condiciones de aplicaci\u00f3n se encuentra contenido en siguiente decreto:<\/p>","protected":false},"excerpt":{"rendered":"<p>Existen distintas opciones tarifar\u00edas dependiendo del tipo de consumo de los usuarios finales. Las opciones tarifar\u00edas son libremente elegidas por el cliente y su duraci\u00f3n es de un a\u00f1o, al cabo del cual el cliente puede mantenerla o cambiarla por otra, seg\u00fan sea su conveniencia. Estas opciones se han estructurado considerando dos tipos de clientes: [&hellip;]<\/p>\n","protected":false},"author":1,"featured_media":0,"parent":197,"menu_order":0,"comment_status":"closed","ping_status":"closed","template":"tpl-tarificacion-e-vad.php","meta":[],"_links":{"self":[{"href":"https:\/\/www.cne.cl\/en\/wp-json\/wp\/v2\/pages\/2899"}],"collection":[{"href":"https:\/\/www.cne.cl\/en\/wp-json\/wp\/v2\/pages"}],"about":[{"href":"https:\/\/www.cne.cl\/en\/wp-json\/wp\/v2\/types\/page"}],"author":[{"embeddable":true,"href":"https:\/\/www.cne.cl\/en\/wp-json\/wp\/v2\/users\/1"}],"replies":[{"embeddable":true,"href":"https:\/\/www.cne.cl\/en\/wp-json\/wp\/v2\/comments?post=2899"}],"version-history":[{"count":99,"href":"https:\/\/www.cne.cl\/en\/wp-json\/wp\/v2\/pages\/2899\/revisions"}],"predecessor-version":[{"id":59677,"href":"https:\/\/www.cne.cl\/en\/wp-json\/wp\/v2\/pages\/2899\/revisions\/59677"}],"up":[{"embeddable":true,"href":"https:\/\/www.cne.cl\/en\/wp-json\/wp\/v2\/pages\/197"}],"wp:attachment":[{"href":"https:\/\/www.cne.cl\/en\/wp-json\/wp\/v2\/media?parent=2899"}],"curies":[{"name":"wp","href":"https:\/\/api.w.org\/{rel}","templated":true}]}}