

{"id":28809,"date":"2020-05-29T11:55:34","date_gmt":"2020-05-29T15:55:34","guid":{"rendered":"http:\/\/www.cne.cl\/?page_id=28809"},"modified":"2020-07-20T18:16:34","modified_gmt":"2020-07-20T22:16:34","slug":"secretario-ejecutivo-destaco-plan-solidario-de-servicios-basicos-ante-reguladores-de-la-region","status":"publish","type":"page","link":"https:\/\/www.cne.cl\/en\/prensa\/prensa-2020\/06-junio\/secretario-ejecutivo-destaco-plan-solidario-de-servicios-basicos-ante-reguladores-de-la-region\/","title":{"rendered":"(Espa\u00f1ol) Secretario Ejecutivo destac\u00f3 Plan Solidario de Servicios B\u00e1sicos ante reguladores de la regi\u00f3n"},"content":{"rendered":"<p class=\"qtranxs-available-languages-message qtranxs-available-languages-message-en\">Sorry, this entry is only available in <a href=\"https:\/\/www.cne.cl\/es\/wp-json\/wp\/v2\/pages\/28809\" class=\"qtranxs-available-language-link qtranxs-available-language-link-es\" title=\"Espa\u00f1ol\">European Spanish<\/a>.<\/p>","protected":false},"excerpt":{"rendered":"<p>Sorry, this entry is only available in European Spanish.<\/p>\n","protected":false},"author":3,"featured_media":28810,"parent":28568,"menu_order":1,"comment_status":"closed","ping_status":"closed","template":"entrada-prensa.php","meta":[],"_links":{"self":[{"href":"https:\/\/www.cne.cl\/en\/wp-json\/wp\/v2\/pages\/28809"}],"collection":[{"href":"https:\/\/www.cne.cl\/en\/wp-json\/wp\/v2\/pages"}],"about":[{"href":"https:\/\/www.cne.cl\/en\/wp-json\/wp\/v2\/types\/page"}],"author":[{"embeddable":true,"href":"https:\/\/www.cne.cl\/en\/wp-json\/wp\/v2\/users\/3"}],"replies":[{"embeddable":true,"href":"https:\/\/www.cne.cl\/en\/wp-json\/wp\/v2\/comments?post=28809"}],"version-history":[{"count":4,"href":"https:\/\/www.cne.cl\/en\/wp-json\/wp\/v2\/pages\/28809\/revisions"}],"predecessor-version":[{"id":29407,"href":"https:\/\/www.cne.cl\/en\/wp-json\/wp\/v2\/pages\/28809\/revisions\/29407"}],"up":[{"embeddable":true,"href":"https:\/\/www.cne.cl\/en\/wp-json\/wp\/v2\/pages\/28568"}],"wp:featuredmedia":[{"embeddable":true,"href":"https:\/\/www.cne.cl\/en\/wp-json\/wp\/v2\/media\/28810"}],"wp:attachment":[{"href":"https:\/\/www.cne.cl\/en\/wp-json\/wp\/v2\/media?parent=28809"}],"curies":[{"name":"wp","href":"https:\/\/api.w.org\/{rel}","templated":true}]}}