

{"id":28570,"date":"2020-05-29T12:35:00","date_gmt":"2020-05-29T16:35:00","guid":{"rendered":"http:\/\/www.cne.cl\/?page_id=28570"},"modified":"2020-06-15T12:57:14","modified_gmt":"2020-06-15T16:57:14","slug":"primera-version-del-programa-women-in-energy-de-wec-chile-finalizo-con-ceremonia-virtual","status":"publish","type":"page","link":"https:\/\/www.cne.cl\/en\/prensa\/prensa-2020\/06-junio\/primera-version-del-programa-women-in-energy-de-wec-chile-finalizo-con-ceremonia-virtual\/","title":{"rendered":"(Espa\u00f1ol) Primera versi\u00f3n del Programa Women in Energy de WEC Chile finaliz\u00f3 con ceremonia virtual"},"content":{"rendered":"<p class=\"qtranxs-available-languages-message qtranxs-available-languages-message-en\">Sorry, this entry is only available in <a href=\"https:\/\/www.cne.cl\/es\/wp-json\/wp\/v2\/pages\/28570\" class=\"qtranxs-available-language-link qtranxs-available-language-link-es\" title=\"Espa\u00f1ol\">European Spanish<\/a>.<\/p>","protected":false},"excerpt":{"rendered":"<p>Sorry, this entry is only available in European Spanish.<\/p>\n","protected":false},"author":3,"featured_media":28571,"parent":28568,"menu_order":2,"comment_status":"closed","ping_status":"closed","template":"entrada-prensa.php","meta":[],"_links":{"self":[{"href":"https:\/\/www.cne.cl\/en\/wp-json\/wp\/v2\/pages\/28570"}],"collection":[{"href":"https:\/\/www.cne.cl\/en\/wp-json\/wp\/v2\/pages"}],"about":[{"href":"https:\/\/www.cne.cl\/en\/wp-json\/wp\/v2\/types\/page"}],"author":[{"embeddable":true,"href":"https:\/\/www.cne.cl\/en\/wp-json\/wp\/v2\/users\/3"}],"replies":[{"embeddable":true,"href":"https:\/\/www.cne.cl\/en\/wp-json\/wp\/v2\/comments?post=28570"}],"version-history":[{"count":5,"href":"https:\/\/www.cne.cl\/en\/wp-json\/wp\/v2\/pages\/28570\/revisions"}],"predecessor-version":[{"id":28726,"href":"https:\/\/www.cne.cl\/en\/wp-json\/wp\/v2\/pages\/28570\/revisions\/28726"}],"up":[{"embeddable":true,"href":"https:\/\/www.cne.cl\/en\/wp-json\/wp\/v2\/pages\/28568"}],"wp:featuredmedia":[{"embeddable":true,"href":"https:\/\/www.cne.cl\/en\/wp-json\/wp\/v2\/media\/28571"}],"wp:attachment":[{"href":"https:\/\/www.cne.cl\/en\/wp-json\/wp\/v2\/media?parent=28570"}],"curies":[{"name":"wp","href":"https:\/\/api.w.org\/{rel}","templated":true}]}}