

{"id":28336,"date":"2020-06-02T06:50:03","date_gmt":"2020-06-02T10:50:03","guid":{"rendered":"http:\/\/www.cne.cl\/?page_id=28336"},"modified":"2020-06-02T08:40:08","modified_gmt":"2020-06-02T12:40:08","slug":"cne-lanza-anuario-estadistico-de-energia-2019-con-los-datos-mas-relevantes-del-sector","status":"publish","type":"page","link":"https:\/\/www.cne.cl\/en\/prensa\/prensa-2020\/05-mayo\/cne-lanza-anuario-estadistico-de-energia-2019-con-los-datos-mas-relevantes-del-sector\/","title":{"rendered":"(Espa\u00f1ol) CNE lanza Anuario Estad\u00edstico de Energ\u00eda 2019 con los datos m\u00e1s relevantes del sector"},"content":{"rendered":"<p class=\"qtranxs-available-languages-message qtranxs-available-languages-message-en\">Sorry, this entry is only available in <a href=\"https:\/\/www.cne.cl\/es\/wp-json\/wp\/v2\/pages\/28336\" class=\"qtranxs-available-language-link qtranxs-available-language-link-es\" title=\"Espa\u00f1ol\">European Spanish<\/a>.<\/p>","protected":false},"excerpt":{"rendered":"<p>Sorry, this entry is only available in European Spanish.<\/p>\n","protected":false},"author":17,"featured_media":28400,"parent":27971,"menu_order":2,"comment_status":"closed","ping_status":"closed","template":"entrada-prensa.php","meta":[],"_links":{"self":[{"href":"https:\/\/www.cne.cl\/en\/wp-json\/wp\/v2\/pages\/28336"}],"collection":[{"href":"https:\/\/www.cne.cl\/en\/wp-json\/wp\/v2\/pages"}],"about":[{"href":"https:\/\/www.cne.cl\/en\/wp-json\/wp\/v2\/types\/page"}],"author":[{"embeddable":true,"href":"https:\/\/www.cne.cl\/en\/wp-json\/wp\/v2\/users\/17"}],"replies":[{"embeddable":true,"href":"https:\/\/www.cne.cl\/en\/wp-json\/wp\/v2\/comments?post=28336"}],"version-history":[{"count":20,"href":"https:\/\/www.cne.cl\/en\/wp-json\/wp\/v2\/pages\/28336\/revisions"}],"predecessor-version":[{"id":28422,"href":"https:\/\/www.cne.cl\/en\/wp-json\/wp\/v2\/pages\/28336\/revisions\/28422"}],"up":[{"embeddable":true,"href":"https:\/\/www.cne.cl\/en\/wp-json\/wp\/v2\/pages\/27971"}],"wp:featuredmedia":[{"embeddable":true,"href":"https:\/\/www.cne.cl\/en\/wp-json\/wp\/v2\/media\/28400"}],"wp:attachment":[{"href":"https:\/\/www.cne.cl\/en\/wp-json\/wp\/v2\/media?parent=28336"}],"curies":[{"name":"wp","href":"https:\/\/api.w.org\/{rel}","templated":true}]}}