

{"id":2810,"date":"2015-07-14T19:21:47","date_gmt":"2015-07-14T22:21:47","guid":{"rendered":"http:\/\/cne.bluelab.cl\/?page_id=2810"},"modified":"2025-07-04T09:51:34","modified_gmt":"2025-07-04T13:51:34","slug":"proceso-de-tarificacion-2010-2014","status":"publish","type":"page","link":"https:\/\/www.cne.cl\/en\/tarificacion\/electrica\/tarificacion-sistemas-medianos\/proceso-de-tarificacion-2010-2014\/","title":{"rendered":"Proceso de Tarificaci\u00f3n 2010-2014"},"content":{"rendered":"<p><strong>SISTEMAS MEDIANOS DE AYS\u00c9N, PALENA, GENERAL CARRERA, PUNTA ARENAS, PUERTO NATALES, PORVENIR, PUERTO WILLIAMS, COCHAM\u00d3 Y HORNOPIREN<\/strong><\/p>\n","protected":false},"excerpt":{"rendered":"<p>SISTEMAS MEDIANOS DE AYS\u00c9N, PALENA, GENERAL CARRERA, PUNTA ARENAS, PUERTO NATALES, PORVENIR, PUERTO WILLIAMS, COCHAM\u00d3 Y HORNOPIREN<\/p>\n","protected":false},"author":1,"featured_media":0,"parent":201,"menu_order":4,"comment_status":"closed","ping_status":"closed","template":"tpl-tarificacion-tsm.php","meta":[],"_links":{"self":[{"href":"https:\/\/www.cne.cl\/en\/wp-json\/wp\/v2\/pages\/2810"}],"collection":[{"href":"https:\/\/www.cne.cl\/en\/wp-json\/wp\/v2\/pages"}],"about":[{"href":"https:\/\/www.cne.cl\/en\/wp-json\/wp\/v2\/types\/page"}],"author":[{"embeddable":true,"href":"https:\/\/www.cne.cl\/en\/wp-json\/wp\/v2\/users\/1"}],"replies":[{"embeddable":true,"href":"https:\/\/www.cne.cl\/en\/wp-json\/wp\/v2\/comments?post=2810"}],"version-history":[{"count":7,"href":"https:\/\/www.cne.cl\/en\/wp-json\/wp\/v2\/pages\/2810\/revisions"}],"predecessor-version":[{"id":55807,"href":"https:\/\/www.cne.cl\/en\/wp-json\/wp\/v2\/pages\/2810\/revisions\/55807"}],"up":[{"embeddable":true,"href":"https:\/\/www.cne.cl\/en\/wp-json\/wp\/v2\/pages\/201"}],"wp:attachment":[{"href":"https:\/\/www.cne.cl\/en\/wp-json\/wp\/v2\/media?parent=2810"}],"curies":[{"name":"wp","href":"https:\/\/api.w.org\/{rel}","templated":true}]}}