

{"id":27988,"date":"2020-05-18T17:56:48","date_gmt":"2020-05-18T21:56:48","guid":{"rendered":"http:\/\/www.cne.cl\/?page_id=27988"},"modified":"2020-05-18T18:30:11","modified_gmt":"2020-05-18T22:30:11","slug":"en-cuenta-publica-participativa-cne-presento-hitos-de-2019-y-desafios-de-2020","status":"publish","type":"page","link":"https:\/\/www.cne.cl\/en\/prensa\/prensa-2020\/05-mayo\/en-cuenta-publica-participativa-cne-presento-hitos-de-2019-y-desafios-de-2020\/","title":{"rendered":"(Espa\u00f1ol) En Cuenta P\u00fablica Participativa, CNE present\u00f3 hitos de 2019 y desaf\u00edos de 2020"},"content":{"rendered":"<p class=\"qtranxs-available-languages-message qtranxs-available-languages-message-en\">Sorry, this entry is only available in <a href=\"https:\/\/www.cne.cl\/es\/wp-json\/wp\/v2\/pages\/27988\" class=\"qtranxs-available-language-link qtranxs-available-language-link-es\" title=\"Espa\u00f1ol\">European Spanish<\/a>.<\/p>","protected":false},"excerpt":{"rendered":"<p>Sorry, this entry is only available in European Spanish.<\/p>\n","protected":false},"author":17,"featured_media":28049,"parent":27971,"menu_order":1,"comment_status":"closed","ping_status":"closed","template":"entrada-prensa.php","meta":[],"_links":{"self":[{"href":"https:\/\/www.cne.cl\/en\/wp-json\/wp\/v2\/pages\/27988"}],"collection":[{"href":"https:\/\/www.cne.cl\/en\/wp-json\/wp\/v2\/pages"}],"about":[{"href":"https:\/\/www.cne.cl\/en\/wp-json\/wp\/v2\/types\/page"}],"author":[{"embeddable":true,"href":"https:\/\/www.cne.cl\/en\/wp-json\/wp\/v2\/users\/17"}],"replies":[{"embeddable":true,"href":"https:\/\/www.cne.cl\/en\/wp-json\/wp\/v2\/comments?post=27988"}],"version-history":[{"count":8,"href":"https:\/\/www.cne.cl\/en\/wp-json\/wp\/v2\/pages\/27988\/revisions"}],"predecessor-version":[{"id":28080,"href":"https:\/\/www.cne.cl\/en\/wp-json\/wp\/v2\/pages\/27988\/revisions\/28080"}],"up":[{"embeddable":true,"href":"https:\/\/www.cne.cl\/en\/wp-json\/wp\/v2\/pages\/27971"}],"wp:featuredmedia":[{"embeddable":true,"href":"https:\/\/www.cne.cl\/en\/wp-json\/wp\/v2\/media\/28049"}],"wp:attachment":[{"href":"https:\/\/www.cne.cl\/en\/wp-json\/wp\/v2\/media?parent=27988"}],"curies":[{"name":"wp","href":"https:\/\/api.w.org\/{rel}","templated":true}]}}