

{"id":27675,"date":"2020-04-27T17:32:02","date_gmt":"2020-04-27T21:32:02","guid":{"rendered":"http:\/\/www.cne.cl\/?page_id=27675"},"modified":"2020-05-28T09:49:39","modified_gmt":"2020-05-28T13:49:39","slug":"cne-extiende-hasta-27-de-mayo-plazo-para-presentacion-de-proyectos-en-el-plan-de-expansion-de-la-transmision-ano-2020","status":"publish","type":"page","link":"https:\/\/www.cne.cl\/en\/prensa\/prensa-2020\/04-abril\/cne-extiende-hasta-27-de-mayo-plazo-para-presentacion-de-proyectos-en-el-plan-de-expansion-de-la-transmision-ano-2020\/","title":{"rendered":"CNE extiende hasta 27 de mayo plazo para presentaci\u00f3n de proyectos en el Plan de Expansi\u00f3n de la Transmisi\u00f3n a\u00f1o 2020"},"content":{"rendered":"<p class=\"qtranxs-available-languages-message qtranxs-available-languages-message-en\">Sorry, this entry is only available in <a href=\"https:\/\/www.cne.cl\/es\/wp-json\/wp\/v2\/pages\/27675\" class=\"qtranxs-available-language-link qtranxs-available-language-link-es\" title=\"Espa\u00f1ol\">European Spanish<\/a>.<\/p>","protected":false},"excerpt":{"rendered":"<p>Sorry, this entry is only available in European Spanish.<\/p>\n","protected":false},"author":3,"featured_media":0,"parent":27367,"menu_order":0,"comment_status":"closed","ping_status":"closed","template":"entrada-prensa.php","meta":[],"_links":{"self":[{"href":"https:\/\/www.cne.cl\/en\/wp-json\/wp\/v2\/pages\/27675"}],"collection":[{"href":"https:\/\/www.cne.cl\/en\/wp-json\/wp\/v2\/pages"}],"about":[{"href":"https:\/\/www.cne.cl\/en\/wp-json\/wp\/v2\/types\/page"}],"author":[{"embeddable":true,"href":"https:\/\/www.cne.cl\/en\/wp-json\/wp\/v2\/users\/3"}],"replies":[{"embeddable":true,"href":"https:\/\/www.cne.cl\/en\/wp-json\/wp\/v2\/comments?post=27675"}],"version-history":[{"count":3,"href":"https:\/\/www.cne.cl\/en\/wp-json\/wp\/v2\/pages\/27675\/revisions"}],"predecessor-version":[{"id":28171,"href":"https:\/\/www.cne.cl\/en\/wp-json\/wp\/v2\/pages\/27675\/revisions\/28171"}],"up":[{"embeddable":true,"href":"https:\/\/www.cne.cl\/en\/wp-json\/wp\/v2\/pages\/27367"}],"wp:attachment":[{"href":"https:\/\/www.cne.cl\/en\/wp-json\/wp\/v2\/media?parent=27675"}],"curies":[{"name":"wp","href":"https:\/\/api.w.org\/{rel}","templated":true}]}}